{"id":14069,"date":"2021-06-20T11:46:56","date_gmt":"2021-06-20T10:46:56","guid":{"rendered":"https:\/\/www.osmoze.fr\/wandgestaltung\/beratung\/szenografie-und-raumgestaltung\/"},"modified":"2021-06-20T11:47:07","modified_gmt":"2021-06-20T10:47:07","slug":"szenografie-und-raumgestaltung","status":"publish","type":"page","link":"https:\/\/www.osmoze.fr\/de\/wandgestaltung\/beratung\/szenografie-und-raumgestaltung\/","title":{"rendered":"Szenografie und Raumgestaltung"},"content":{"rendered":"<div class=\"wpb-content-wrapper\">[vc_row][vc_column width=&#8220;1\/1&#8243;][vc_column_text]\n<p style=\"text-align: center;\">Osmoze art studio begleitet und ber\u00e4t Sie, um L\u00f6sungen f\u00fcr alle Problemstellungen der Szenografie und Raumgestaltung zu finden.<\/p>\n[\/vc_column_text][vc_gallery type=&#8220;flexslider_slide&#8220; interval=&#8220;3&#8243; images=&#8220;4622,4620,4621,4623&#8243; onclick=&#8220;link_image&#8220; custom_links_target=&#8220;_self&#8220; img_size=&#8220;1200&#215;370&#8243;][\/vc_column][\/vc_row][vc_row row_type=&#8220;2&#8243; video_fullscreen=&#8220;true&#8220; blox_bg_attachment=&#8220;false&#8220; blox_cover=&#8220;true&#8220; blox_repeat=&#8220;no-repeat&#8220; blox_dark=&#8220;false&#8220; parallax_speed=&#8220;6&#8243; process_count=&#8220;3&#8243; video_type=&#8220;video\/youtube&#8220; video_pattern=&#8220;true&#8220; maxslider_parallax=&#8220;true&#8220; maxslider_pattern=&#8220;true&#8220; blox_bgcolor=&#8220;#f8f8f8&#8243; blox_height=&#8220;380&#8243;][vc_column width=&#8220;1\/1&#8243; css=&#8220;.vc_custom_1423063682346{background-color: #f8f8f8 !important;}&#8220;]<div class=\"max-title2\"><h2>\n<p>\u2019\u2019l\u2019Art de sublimer vos espaces\u2019\u2019<\/p>\n<\/h2><\/div><hr class=\"vertical-space1\">[vc_row_inner][vc_column_inner width=&#8220;2\/12&#8243;]\n[\/vc_column_inner][vc_column_inner width=&#8220;8\/12&#8243;][vc_column_text]\n<p style=\"text-align: center;\">Als Sch\u00f6pfer von Erlebnissen verbindet das Designstudio Osmoze stets die Kunst der Raumgestaltung mit der Kunst, sich Geschichten auszudenken. Eine handgestrickte und emotional aufgeladene Storyline zum gr\u00f6\u00dften Vergn\u00fcgen der Besucher und Nutzer. Eine emotionale Szenografie.<\/p>\n[\/vc_column_text][\/vc_column_inner][vc_column_inner width=&#8220;2\/12&#8243;]\n[\/vc_column_inner][\/vc_row_inner]<hr class=\"vertical-space3\">[\/vc_column][\/vc_row][vc_row row_type=&#8220;2&#8243; video_fullscreen=&#8220;true&#8220; blox_image=&#8220;3999&#8243; blox_bg_attachment=&#8220;false&#8220; blox_cover=&#8220;true&#8220; blox_repeat=&#8220;no-repeat&#8220; blox_dark=&#8220;false&#8220; parallax_speed=&#8220;6&#8243; process_count=&#8220;3&#8243; video_type=&#8220;video\/youtube&#8220; video_pattern=&#8220;true&#8220; maxslider_parallax=&#8220;true&#8220; maxslider_pattern=&#8220;true&#8220; blox_padding_top=&#8220;20&#8243; blox_padding_bottom=&#8220;20&#8243; blox_height=&#8220;380&#8243;][vc_column width=&#8220;1\/1&#8243; css=&#8220;.vc_custom_1423145716106{padding-top: 50px !important;padding-bottom: 70px !important;}&#8220;][vc_column_text]\n<h4 style=\"text-align: center; color: #1591a5; font-weight: bold; text-transform: uppercase; letter-spacing: -1px; margin-bottom: 15px; font-size: 19px;\">OSMOZE WANDKUNSTSTUDIO<\/h4>\n<h2 style=\"text-align: center; color: #ffffff;\">Das Designstudio Osmoze arbeitet mit Architekten, Designern und Szenographen zusammen<br \/>\nund viele Designer und Szenographen.<\/h2>\n[\/vc_column_text][\/vc_column][\/vc_row][vc_row][vc_column width=&#8220;1\/1&#8243;]<div class=\"max-title2\"><h2>\n<p>Nos derni\u00e8res R\u00e9f\u00e9rences<\/p>\n<\/h2><\/div>[vc_column_text]\n<p style=\"text-align: center;\">Entdecken Sie unsere Wandmalereien und grafischen Interventionen, die pflanzlich, poetisch und exklusiv sind.<br \/>\nVon der Wanddekoration bis zur Beschilderung ist es nur ein Schritt, den wir behutsam vollzogen haben.<\/p>\n[\/vc_column_text]<section class=\"latest-works col3-w with-space-w\" data-cols=\"3\" data-count=\"9\" data-full=\"\" data-space=\"yes\" data-cat-slug=\"\">\n\t<hr class=\"vertical-space1\">\n\t<div class=\"icon-top-title aligncenter\">\n\t\t<nav class=\"primary clearfix\">\n\t\t\t<div class=\"portfolioFilters\">\n\t\t\t\t<a href=\"#\" class=\"selected\">alle<\/a>\n\t\t\t\t\n\t\t\t<\/div>\n\t\t<\/nav>\n\n\n\t<\/div>\n\t<hr class=\"vertical-space2\">\n\n\t<div class=\"portfolio container\">\n\t\t\t\t\t<!-- end-portfolio-item-->\n\n\t\t<\/div>\n\n\t<\/section>[vc_column_text]\n<p style=\"text-align: center;\">button url=&#8220;\/references-art-mural-decoration-signaletique\/&#8220; target=&#8220;_self&#8220; color=&#8220;blue&#8220; size=&#8220;medium&#8220; border=&#8220;false&#8220; icon=&#8220;&#8220;]Alle unsere Kreationen sehen[\/button]\n[\/vc_column_text][\/vc_column][\/vc_row][vc_row][vc_column width=&#8220;1\/1&#8243;][unserekunden client_images=&#8220;3512,3532,3533,3531,3529,3530,3527,3528,3525,3526,3524,3523,3521,3522,3519,3520,3518,3517,3516,3514,3515,3513&#8243;][\/vc_column][\/vc_row]\n<\/div>","protected":false},"excerpt":{"rendered":"<p>[vc_row][vc_column width=&#8220;1\/1&#8243;][vc_column_text] Osmoze art studio begleitet und ber\u00e4t Sie, um L\u00f6sungen f\u00fcr alle Problemstellungen der Szenografie und Raumgestaltung zu finden. [\/vc_column_text][vc_gallery type=&#8220;flexslider_slide&#8220; interval=&#8220;3&#8243; images=&#8220;4622,4620,4621,4623&#8243; onclick=&#8220;link_image&#8220; custom_links_target=&#8220;_self&#8220; img_size=&#8220;1200&#215;370&#8243;][\/vc_column][\/vc_row][vc_row row_type=&#8220;2&#8243; video_fullscreen=&#8220;true&#8220; blox_bg_attachment=&#8220;false&#8220; blox_cover=&#8220;true&#8220; blox_repeat=&#8220;no-repeat&#8220; blox_dark=&#8220;false&#8220; parallax_speed=&#8220;6&#8243; process_count=&#8220;3&#8243; video_type=&#8220;video\/youtube&#8220; video_pattern=&#8220;true&#8220; maxslider_parallax=&#8220;true&#8220;&#8230; <\/p>\n<p><a class=\"readmore\" href=\"https:\/\/www.osmoze.fr\/de\/wandgestaltung\/beratung\/szenografie-und-raumgestaltung\/\">Lire la suite<\/a><\/p>\n","protected":false},"author":4,"featured_media":0,"parent":14036,"menu_order":0,"comment_status":"closed","ping_status":"closed","template":"","meta":{"footnotes":""},"class_list":["post-14069","page","type-page","status-publish","hentry"],"_links":{"self":[{"href":"https:\/\/www.osmoze.fr\/de\/wp-json\/wp\/v2\/pages\/14069","targetHints":{"allow":["GET"]}}],"collection":[{"href":"https:\/\/www.osmoze.fr\/de\/wp-json\/wp\/v2\/pages"}],"about":[{"href":"https:\/\/www.osmoze.fr\/de\/wp-json\/wp\/v2\/types\/page"}],"author":[{"embeddable":true,"href":"https:\/\/www.osmoze.fr\/de\/wp-json\/wp\/v2\/users\/4"}],"replies":[{"embeddable":true,"href":"https:\/\/www.osmoze.fr\/de\/wp-json\/wp\/v2\/comments?post=14069"}],"version-history":[{"count":0,"href":"https:\/\/www.osmoze.fr\/de\/wp-json\/wp\/v2\/pages\/14069\/revisions"}],"up":[{"embeddable":true,"href":"https:\/\/www.osmoze.fr\/de\/wp-json\/wp\/v2\/pages\/14036"}],"wp:attachment":[{"href":"https:\/\/www.osmoze.fr\/de\/wp-json\/wp\/v2\/media?parent=14069"}],"curies":[{"name":"wp","href":"https:\/\/api.w.org\/{rel}","templated":true}]}}