{"id":14123,"date":"2021-06-20T13:16:11","date_gmt":"2021-06-20T12:16:11","guid":{"rendered":"https:\/\/www.osmoze.fr\/kulturell-institutionell\/"},"modified":"2021-06-20T13:16:39","modified_gmt":"2021-06-20T12:16:39","slug":"kulturell-institutionell","status":"publish","type":"page","link":"https:\/\/www.osmoze.fr\/de\/referenzen\/kulturell-institutionell\/","title":{"rendered":"Kulturell &#038; institutionell"},"content":{"rendered":"<div class=\"wpb-content-wrapper\">[vc_row][vc_column width=&#8220;1\/1&#8243;][vc_column_text]\n<p style=\"text-align: center;\">Wir laden Sie ein, einige unserer grafischen Beitr\u00e4ge im Zusammenhang mit der Dekoration von Gemeinden, Rath\u00e4usern, Kulturzentren, Mediatheken, Universit\u00e4ten, Hochschulen, Gymnasien, Festivals in Frankreich und im Ausland zu entdecken. Wir haben Projekte durchgef\u00fchrt, um den Projekteigner oder den Projektleiter von der Gestaltung bis zur Einrichtung zu unterst\u00fctzen. Innen und au\u00dfen hat unser grafisches Konzept (Dekoration und Beschilderung) nur ein Ziel: Ihren Empfang, Ihre B\u00fcros, Ihre Durchgangsbereiche, Ihre Besprechungsr\u00e4ume, Ihre Pausen- und Ruhezonen zu sublimieren&#8230;<\/p>\n[\/vc_column_text]<section class=\"latest-works col3-w with-space-w\" data-cols=\"3\" data-count=\"-1\" data-full=\"yes\" data-space=\"yes\" data-cat-slug=\"\">\n\t<hr class=\"vertical-space1\">\n\t<div class=\"icon-top-title aligncenter\">\n\t\t<nav class=\"primary clearfix\">\n\t\t\t<div class=\"portfolioFilters\">\n\t\t\t\t<a href=\"#\" class=\"selected\">alle<\/a>\n\t\t\t\t\n\t\t\t<\/div>\n\t\t<\/nav>\n\n\n\t<\/div>\n\t<hr class=\"vertical-space2\">\n\n\t<div class=\"portfolio \">\n\t\t\t\t\t<!-- end-portfolio-item-->\n\n\t\t<\/div>\n\n\t<\/section>[\/vc_column][\/vc_row]\n<\/div>","protected":false},"excerpt":{"rendered":"<p>[vc_row][vc_column width=&#8220;1\/1&#8243;][vc_column_text] Wir laden Sie ein, einige unserer grafischen Beitr\u00e4ge im Zusammenhang mit der Dekoration von Gemeinden, Rath\u00e4usern, Kulturzentren, Mediatheken, Universit\u00e4ten, Hochschulen, Gymnasien, Festivals in Frankreich und im Ausland zu entdecken. Wir haben Projekte durchgef\u00fchrt, um den Projekteigner&#8230; <\/p>\n<p><a class=\"readmore\" href=\"https:\/\/www.osmoze.fr\/de\/referenzen\/kulturell-institutionell\/\">Lire la suite<\/a><\/p>\n","protected":false},"author":4,"featured_media":0,"parent":14135,"menu_order":0,"comment_status":"open","ping_status":"open","template":"","meta":{"footnotes":""},"class_list":["post-14123","page","type-page","status-publish","hentry"],"_links":{"self":[{"href":"https:\/\/www.osmoze.fr\/de\/wp-json\/wp\/v2\/pages\/14123","targetHints":{"allow":["GET"]}}],"collection":[{"href":"https:\/\/www.osmoze.fr\/de\/wp-json\/wp\/v2\/pages"}],"about":[{"href":"https:\/\/www.osmoze.fr\/de\/wp-json\/wp\/v2\/types\/page"}],"author":[{"embeddable":true,"href":"https:\/\/www.osmoze.fr\/de\/wp-json\/wp\/v2\/users\/4"}],"replies":[{"embeddable":true,"href":"https:\/\/www.osmoze.fr\/de\/wp-json\/wp\/v2\/comments?post=14123"}],"version-history":[{"count":0,"href":"https:\/\/www.osmoze.fr\/de\/wp-json\/wp\/v2\/pages\/14123\/revisions"}],"up":[{"embeddable":true,"href":"https:\/\/www.osmoze.fr\/de\/wp-json\/wp\/v2\/pages\/14135"}],"wp:attachment":[{"href":"https:\/\/www.osmoze.fr\/de\/wp-json\/wp\/v2\/media?parent=14123"}],"curies":[{"name":"wp","href":"https:\/\/api.w.org\/{rel}","templated":true}]}}