{"id":14135,"date":"2021-06-20T13:24:31","date_gmt":"2021-06-20T12:24:31","guid":{"rendered":"https:\/\/www.osmoze.fr\/referenzen\/"},"modified":"2021-06-20T15:30:43","modified_gmt":"2021-06-20T14:30:43","slug":"referenzen","status":"publish","type":"page","link":"https:\/\/www.osmoze.fr\/de\/referenzen\/","title":{"rendered":"Referenzen"},"content":{"rendered":"<div class=\"wpb-content-wrapper\">[vc_row][vc_column width=&#8220;1\/1&#8243;][vc_column_text]\n<p style=\"text-align: center;\">Wir laden Sie ein, einige unserer grafischen Eingriffe zu entdecken: 7.000 m2 grafische Kreation, 250.000 km durch die Welt gereist, um 100% poetische und au\u00dfergew\u00f6hnliche Kreativit\u00e4t anbieten zu k\u00f6nnen. Von privaten Unternehmen \u00fcber \u00f6ffentliche Verwaltungen bis hin zu vielen spezialisierten Einrichtungen, kann das Osmoze-Kunststudio alle Ihre Bed\u00fcrfnisse erf\u00fcllen. Dekoration und Inszenierung Ihrer Beschilderung f\u00fcr Firmen, Zentralen, Hotels, ehpad, Mediathek, F&amp;E-Zentrum &#8230;<\/p>\n[\/vc_column_text]<section class=\"latest-works col3-w with-space-w\" data-cols=\"3\" data-count=\"-1\" data-full=\"\" data-space=\"yes\" data-cat-slug=\"\">\n\t<hr class=\"vertical-space1\">\n\t<div class=\"icon-top-title aligncenter\">\n\t\t<nav class=\"primary clearfix\">\n\t\t\t<div class=\"portfolioFilters\">\n\t\t\t\t<a href=\"#\" class=\"selected\">alle<\/a>\n\t\t\t\t\n\t\t\t<\/div>\n\t\t<\/nav>\n\n\n\t<\/div>\n\t<hr class=\"vertical-space2\">\n\n\t<div class=\"portfolio container\">\n\t\t\t\t\t<!-- end-portfolio-item-->\n\n\t\t<\/div>\n\n\t<\/section>[\/vc_column][\/vc_row]\n<\/div>","protected":false},"excerpt":{"rendered":"<p>[vc_row][vc_column width=&#8220;1\/1&#8243;][vc_column_text] Wir laden Sie ein, einige unserer grafischen Eingriffe zu entdecken: 7.000 m2 grafische Kreation, 250.000 km durch die Welt gereist, um 100% poetische und au\u00dfergew\u00f6hnliche Kreativit\u00e4t anbieten zu k\u00f6nnen. Von privaten Unternehmen \u00fcber \u00f6ffentliche Verwaltungen bis&#8230; <\/p>\n<p><a class=\"readmore\" href=\"https:\/\/www.osmoze.fr\/de\/referenzen\/\">Lire la suite<\/a><\/p>\n","protected":false},"author":4,"featured_media":18622,"parent":0,"menu_order":0,"comment_status":"open","ping_status":"closed","template":"","meta":{"footnotes":""},"class_list":["post-14135","page","type-page","status-publish","has-post-thumbnail","hentry"],"_links":{"self":[{"href":"https:\/\/www.osmoze.fr\/de\/wp-json\/wp\/v2\/pages\/14135","targetHints":{"allow":["GET"]}}],"collection":[{"href":"https:\/\/www.osmoze.fr\/de\/wp-json\/wp\/v2\/pages"}],"about":[{"href":"https:\/\/www.osmoze.fr\/de\/wp-json\/wp\/v2\/types\/page"}],"author":[{"embeddable":true,"href":"https:\/\/www.osmoze.fr\/de\/wp-json\/wp\/v2\/users\/4"}],"replies":[{"embeddable":true,"href":"https:\/\/www.osmoze.fr\/de\/wp-json\/wp\/v2\/comments?post=14135"}],"version-history":[{"count":0,"href":"https:\/\/www.osmoze.fr\/de\/wp-json\/wp\/v2\/pages\/14135\/revisions"}],"wp:featuredmedia":[{"embeddable":true,"href":"https:\/\/www.osmoze.fr\/de\/wp-json\/wp\/v2\/media\/18622"}],"wp:attachment":[{"href":"https:\/\/www.osmoze.fr\/de\/wp-json\/wp\/v2\/media?parent=14135"}],"curies":[{"name":"wp","href":"https:\/\/api.w.org\/{rel}","templated":true}]}}