{"id":14189,"date":"2021-06-20T13:47:19","date_gmt":"2021-06-20T12:47:19","guid":{"rendered":"https:\/\/www.osmoze.fr\/rechtlicher-hinweis\/"},"modified":"2021-06-20T13:47:19","modified_gmt":"2021-06-20T12:47:19","slug":"rechtlicher-hinweis","status":"publish","type":"page","link":"https:\/\/www.osmoze.fr\/de\/rechtlicher-hinweis\/","title":{"rendered":"Rechtlicher Hinweis"},"content":{"rendered":"<p>Der Eigent\u00fcmer und Herausgeber dieser Website ist die Firma Osmoze SASU.<\/p>\n<p>Osmoze Mural Art Workshop ist eine Gesellschaft mit beschr\u00e4nkter Haftung mit einem Stammkapital von 50 000 Euro, mit Hauptsitz in 15 rue des remparts MOLSHEIM FRANKREICH, eingetragen bei RCS Strasbourg<\/p>\n<p>Telefon: +33 (0)3 69 14 81 14<\/p>\n<p>Die in diesem Formular gesammelten Informationen unterliegen der EDV-Verarbeitung zur ausschlie\u00dflichen Verwendung durch den Osmoze Mural Art Workshop.<\/p>\n<p>Gem\u00e4\u00df dem Gesetz &#8222;Informatique et Libert\u00e9s&#8220; vom 6. Januar 1978 haben Sie ein Zugriffs-, \u00c4nderungs-, L\u00f6schungs- und Widerspruchsrecht auf die Sie betreffenden Daten.<\/p>\n<p>Wenn Sie diese Rechte aus\u00fcben m\u00f6chten, nehmen Sie Kontakt mit uns auf.<br \/>\nWir verpflichten uns, keine Sie betreffenden Informationen an Dritte weiterzugeben, es sei denn, Sie erteilen uns die Genehmigung dazu.<\/p>\n<p>Der Leiter der Ver\u00f6ffentlichung ist Herr Lionel Reyboz.<br \/>\nUnsere Website https:\/\/www.osmoze.fr wird auf unseren eigenen Servern gehostet.<\/p>\n<p>Die auf dieser Seite ver\u00f6ffentlichten Fotos und Illustrationen sind Kreationen des Wandkunststudios Osmoze. Mit dem Zugriff auf die Website von Osmoze Wall Art Studio best\u00e4tigen Sie, dass Sie die geltenden Gesetze und Nutzungsbedingungen in Bezug auf geistige Eigentumsrechte einhalten.<\/p>\n<p>Alle Daten, die auf unserer Website enthalten sind, insbesondere und in nicht abgrenzender Weise die Bilder, die Animationen, die grafische Charta, die Texte, die Logos, sind durch die gesetzlichen Bestimmungen zum Schutz der Rechte des geistigen Eigentums gesch\u00fctzt. Jegliche Kopie, auch auszugsweise, der Inhalte unserer Website ist strengstens untersagt. Insbesondere das Logo, die Marke &#8222;osmoze&#8220; und der Domainname &#8222;osmoze.fr&#8220; sind gesch\u00fctzte Namen, die dem Wandkunststudio Osmoze geh\u00f6ren und die Sie nicht ohne dessen ausdr\u00fcckliche und vorherige Zustimmung verwenden d\u00fcrfen.<\/p>\n<p>Sie verpflichten sich, die auf unserer Seite ver\u00f6ffentlichten oder im Rahmen der Nutzung unserer Dienste bereitgestellten Daten nur f\u00fcr Ihren pers\u00f6nlichen Gebrauch weiterzugeben oder zu verwenden.<\/p>\n","protected":false},"excerpt":{"rendered":"<p>Der Eigent\u00fcmer und Herausgeber dieser Website ist die Firma Osmoze SASU. Osmoze Mural Art Workshop ist eine Gesellschaft mit beschr\u00e4nkter Haftung mit einem Stammkapital von 50 000 Euro, mit Hauptsitz in 15 rue des remparts MOLSHEIM FRANKREICH, eingetragen&#8230; <\/p>\n<p><a class=\"readmore\" href=\"https:\/\/www.osmoze.fr\/de\/rechtlicher-hinweis\/\">Lire la suite<\/a><\/p>\n","protected":false},"author":4,"featured_media":0,"parent":0,"menu_order":0,"comment_status":"open","ping_status":"open","template":"","meta":{"footnotes":""},"class_list":["post-14189","page","type-page","status-publish","hentry"],"_links":{"self":[{"href":"https:\/\/www.osmoze.fr\/de\/wp-json\/wp\/v2\/pages\/14189","targetHints":{"allow":["GET"]}}],"collection":[{"href":"https:\/\/www.osmoze.fr\/de\/wp-json\/wp\/v2\/pages"}],"about":[{"href":"https:\/\/www.osmoze.fr\/de\/wp-json\/wp\/v2\/types\/page"}],"author":[{"embeddable":true,"href":"https:\/\/www.osmoze.fr\/de\/wp-json\/wp\/v2\/users\/4"}],"replies":[{"embeddable":true,"href":"https:\/\/www.osmoze.fr\/de\/wp-json\/wp\/v2\/comments?post=14189"}],"version-history":[{"count":0,"href":"https:\/\/www.osmoze.fr\/de\/wp-json\/wp\/v2\/pages\/14189\/revisions"}],"wp:attachment":[{"href":"https:\/\/www.osmoze.fr\/de\/wp-json\/wp\/v2\/media?parent=14189"}],"curies":[{"name":"wp","href":"https:\/\/api.w.org\/{rel}","templated":true}]}}