{"id":14215,"date":"2021-06-20T14:26:54","date_gmt":"2021-06-20T13:26:54","guid":{"rendered":"https:\/\/www.osmoze.fr\/ein-montageservice-in-ganz-frankreich-und-weltweit\/"},"modified":"2021-06-20T14:27:07","modified_gmt":"2021-06-20T13:27:07","slug":"ein-montageservice-in-ganz-frankreich-und-weltweit","status":"publish","type":"page","link":"https:\/\/www.osmoze.fr\/de\/ein-montageservice-in-ganz-frankreich-und-weltweit\/","title":{"rendered":"Ein Montageservice in ganz Frankreich und weltweit."},"content":{"rendered":"<div class=\"wpb-content-wrapper\">[vc_row][vc_column width=&#8220;1\/1&#8243;][vc_column_text]\nDas Wandkunststudio Osmoze arbeitet mit eigenen Teams in <strong>ganz Frankreich, Belgien, Europa und weltweit<\/strong>. Jeder unserer grafischen Eingriffe wird von unseren professionellen Installateuren\/Designern gemeistert.<\/p>\n<p style=\"text-align: center;\">Das Markenzeichen des Wandkunststudios Osmoze ist die F\u00e4higkeit, auf alle Ihre W\u00fcnsche einzugehen. Vom kleinsten Innenraum bis hin zu gigantischen Au\u00dfenfassaden, wir reagieren immer mit einem individuellen, formalisierten Ansatz, voller Bedeutung und mit Respekt vor Ihren Umwelt- und Budgetvorgaben.<\/p>\n[\/vc_column_text][vc_gallery type=&#8220;flexslider_slide&#8220; interval=&#8220;3&#8243; images=&#8220;13053,13051,13055,13049,13057&#8243; onclick=&#8220;link_image&#8220; custom_links_target=&#8220;_self&#8220; img_size=&#8220;1200&#215;370&#8243;][\/vc_column][\/vc_row][vc_row row_type=&#8220;2&#8243; video_fullscreen=&#8220;true&#8220; blox_bg_attachment=&#8220;false&#8220; blox_cover=&#8220;true&#8220; blox_repeat=&#8220;no-repeat&#8220; blox_dark=&#8220;false&#8220; parallax_speed=&#8220;6&#8243; process_count=&#8220;3&#8243; video_type=&#8220;video\/youtube&#8220; video_pattern=&#8220;true&#8220; maxslider_parallax=&#8220;true&#8220; maxslider_pattern=&#8220;true&#8220; blox_bgcolor=&#8220;#f8f8f8&#8243;][vc_column width=&#8220;1\/1&#8243; css=&#8220;.vc_custom_1423063682346{background-color: #f8f8f8 !important;}&#8220;]<div class=\"max-title2\"><h2>\n<p>\u2019\u2019La personnalisation, du \u00ab sur mesure \u00bb qualitatif !\u2019\u2019<\/p>\n<\/h2><\/div><hr class=\"vertical-space1\">[vc_row_inner][vc_column_inner width=&#8220;1\/3&#8243;][vc_column_text]\n<p>Ihre eigene Wanddekoration und Wandaufkleber. Von Ihren Fotos, Ihren Pl\u00e4nen, Ihren Angaben, Ihren W\u00fcnschen oder architektonischen Einfl\u00fcssen bietet Ihnen das Wandkunststudio Osmoze <strong>verschiedene grafische und k\u00fcnstlerische L\u00f6sungen<\/strong>.<\/p>\n[\/vc_column_text][\/vc_column_inner][vc_column_inner width=&#8220;1\/3&#8243;][vc_column_text]\n<p>Es ist eine <strong>ma\u00dfgeschneiderte<\/strong> L\u00f6sung und ein Service, der zu 100% auf Sie zugeschnitten ist. Ein einziges Motto: die L\u00f6sung liefern, Geschichten an den W\u00e4nden erz\u00e4hlen, Szenarien finden, Ihre R\u00e4ume illustrieren, um ihre Pers\u00f6nlichkeit oder einfach nur Ihre Pers\u00f6nlichkeit zu zeigen.<\/p>\n[\/vc_column_text][\/vc_column_inner][vc_column_inner width=&#8220;1\/3&#8243;][vc_column_text]\n<p>Als Erg\u00e4nzung zu den <strong>Wandaufklebern, den zeitgen\u00f6ssischen Klebern und den ma\u00dfgeschneiderten k\u00fcnstlerischen Wandbildern<\/strong> begleitet Sie das Atelier f\u00fcr zeitgen\u00f6ssische Wandkunst Osmoze bei der Kreation Ihrer M\u00f6bel und bei der Gestaltung Ihrer R\u00e4ume, immer geleitet von einer Obsession: Ihr t\u00e4gliches Leben zu sublimieren.<\/p>\n[\/vc_column_text][\/vc_column_inner][\/vc_row_inner]<hr class=\"vertical-space3\">[\/vc_column][\/vc_row][vc_row][vc_column width=&#8220;1\/1&#8243;]<hr class=\"vertical-space3\">[vc_row_inner][vc_column_inner width=&#8220;1\/4&#8243;]\n[\/vc_column_inner][vc_column_inner width=&#8220;1\/2&#8243;][vc_column_text css=&#8220;.vc_custom_1423130527459{padding-top: 70px !important;padding-right: 50px !important;padding-left: 50px !important;}&#8220;]\n<h2>Ein poetisches Wandkunststudio<\/h2>\n<p>Das Wanddesign-Studio Osmoze verf\u00fcgt \u00fcber einen einzigartigen k\u00fcnstlerischen Gestaltungsraum in Frankreich.<br \/>\nGrafiktabletts, R\u00e4ume, die der Poesie und dem Schreiben gewidmet sind, Malworkshops, Werkst\u00e4tten f\u00fcr das Schneiden von gro\u00dfen Aufklebern und riesigen Klebern.[\/vc_column_text][\/vc_column_inner][vc_column_inner width=&#8220;1\/4&#8243;]\n[\/vc_column_inner][\/vc_row_inner]<hr class=\"vertical-space3\">[\/vc_column][\/vc_row][vc_row row_type=&#8220;2&#8243; video_fullscreen=&#8220;true&#8220; blox_image=&#8220;3792&#8243; blox_bg_attachment=&#8220;false&#8220; blox_cover=&#8220;true&#8220; blox_repeat=&#8220;no-repeat&#8220; blox_dark=&#8220;false&#8220; parallax_speed=&#8220;6&#8243; process_count=&#8220;3&#8243; video_type=&#8220;video\/youtube&#8220; video_pattern=&#8220;true&#8220; maxslider_parallax=&#8220;true&#8220; maxslider_pattern=&#8220;true&#8220; blox_padding_top=&#8220;20&#8243; blox_padding_bottom=&#8220;20&#8243;][vc_column width=&#8220;1\/1&#8243; css=&#8220;.vc_custom_1423145716106{padding-top: 50px !important;padding-bottom: 70px !important;}&#8220;][vc_row_inner][vc_column_inner width=&#8220;1\/3&#8243;]<article class=\"icon-box6\"><a href='\/art-mural\/decoration-design-interieur\/murs\/' class='custom_icon'><i><img decoding=\"async\" src=\"https:\/\/www.osmoze.fr\/wp-content\/uploads\/2015\/02\/osmoze-atelier-art-mural-decoration-mural_picto.png\" alt=\"icon\" title=\"\"><\/i><\/a><h4>Zeitgen\u00f6ssische Wanddekoration<\/h4><p>\n<p>Eine Empfangshalle, ein Besprechungsraum, Verkehrsfl\u00e4chen, eine Geb\u00e4udefassade, Glastrennw\u00e4nde&#8230; alles ist eine Quelle der Inspiration.<\/p>\n<\/p><a class=\"magicmore\" href=\"\/art-mural\/decoration-design-interieur\/murs\/\">EN SAVOIR +<\/a><\/article>[\/vc_column_inner][vc_column_inner width=&#8220;1\/3&#8243;]<article class=\"icon-box6\"><a href='\/art-mural\/signaletique-artistique\/interieure\/' class='custom_icon'><i><img decoding=\"async\" src=\"https:\/\/www.osmoze.fr\/wp-content\/uploads\/2015\/02\/osmoze-atelier-art-mural-signaletique_picto.png\" alt=\"icon\" title=\"\"><\/i><\/a><h4>K\u00fcnstlerische und sensorische Beschilderung<\/h4><p>\n<p>Innen, au\u00dfen, monumental, architektonisch, 3d, sensorisch und olfaktorisch, wir f\u00fchren Sie mit Feingef\u00fchl, Poesie und Sinn f\u00fcr \u00c4sthetik.<\/p>\n<\/p><a class=\"magicmore\" href=\"\/art-mural\/signaletique-artistique\/interieure\/\">EN SAVOIR +<\/a><\/article>[\/vc_column_inner][vc_column_inner width=&#8220;1\/3&#8243;]<article class=\"icon-box6\"><a href='\/art-mural\/conseils\/scenographie-design-despace\/' class='custom_icon'><i><img decoding=\"async\" src=\"https:\/\/www.osmoze.fr\/wp-content\/uploads\/2015\/02\/osmoze-atelier-art-mural-scenographie-design-espace_picto.png\" alt=\"icon\" title=\"\"><\/i><\/a><h4>Szenografie und Raumgestaltung<\/h4><p>\n<p>Ob einmalige Veranstaltung, Dauer- oder Wechselausstellung, wir begleiten Sie bei der globalen Umsetzung ebenso wie bei der Gestaltung der R\u00e4ume.<\/p>\n<\/p><a class=\"magicmore\" href=\"\/art-mural\/conseils\/scenographie-design-despace\/\">EN SAVOIR +<\/a><\/article>[\/vc_column_inner][\/vc_row_inner][\/vc_column][\/vc_row][vc_row][vc_column width=&#8220;1\/1&#8243;]<div class=\"max-title2\"><h2>\n<p>NOS derni\u00e8res R\u00e9F\u00e9RENCES<\/p>\n<\/h2><\/div>[vc_column_text]\n<p style=\"text-align: center;\">Entdecken Sie unsere Wandmalereien und unsere grafischen Eingriffe pflanzlich, poetisch, exklusiv.<br \/>\nVon der Wanddekoration bis zur Beschilderung ist es nur ein Schritt, den wir behutsam vollzogen haben.<\/p>\n[\/vc_column_text]<section class=\"latest-works col3-w with-space-w\" data-cols=\"3\" data-count=\"9\" data-full=\"\" data-space=\"yes\" data-cat-slug=\"\">\n\t<hr class=\"vertical-space1\">\n\t<div class=\"icon-top-title aligncenter\">\n\t\t<nav class=\"primary clearfix\">\n\t\t\t<div class=\"portfolioFilters\">\n\t\t\t\t<a href=\"#\" class=\"selected\">alle<\/a>\n\t\t\t\t\n\t\t\t<\/div>\n\t\t<\/nav>\n\n\n\t<\/div>\n\t<hr class=\"vertical-space2\">\n\n\t<div class=\"portfolio container\">\n\t\t\t\t\t<!-- end-portfolio-item-->\n\n\t\t<\/div>\n\n\t<\/section>[vc_column_text]\n<a href=\"\/references-art-mural-decoration-signaletique\/\" class=\"button blue  medium  \" target=\"_self\">Alle unsere Kunstwerke<\/a>\n[\/vc_column_text][\/vc_column][\/vc_row][vc_row][vc_column width=&#8220;1\/1&#8243;][vc_tabs interval=&#8220;0&#8243;][vc_tab title=&#8220;Wandkunst-Studio&#8220; tab_id=&#8220;1423055660949-4-4c9a8-ce75&#8243;]<article class=\"icon-box\"><a href='\/atelier\/art-mural-contemporain\/'><i class=\"fa-codepen\" style=\" color:#1591a5;\"><\/i><\/a><h4><strong><\/strong><\/h4><p>\n<p>Osmoze ist das zeitgen\u00f6ssische und exklusive franz\u00f6sische Wandkunststudio schlechthin. Das Wandmalerei-Studio Osmoze schafft au\u00dfergew\u00f6hnliche, riesige, architektonische und poetische Grafiken und Beschilderungen f\u00fcr den Innen- und Au\u00dfenbereich.<\/p>\n<\/p><a class=\"magicmore\" href=\"\/atelier\/art-mural-contemporain\/\">mehr dazu<\/a><\/article>[\/vc_tab][vc_tab title=&#8220;Studio und Kreativraum&#8220; tab_id=&#8220;1423054716354-2-4c9a8-ce75&#8243;]<article class=\"icon-box\"><a href='\/atelier\/studio-graphique-poetique\/'><i class=\"fa-slideshare\" style=\" color:#1591a5;\"><\/i><\/a><h4><strong><\/strong><\/h4><p>\n<p>Multidisziplin\u00e4r, das Grafikstudio von Osmoze Wall Art Workshop konzipiert und zeichnet in allen Ma\u00dfst\u00e4ben in einem Ansatz, in dem die grafische Leistung nicht von einer menschlichen, poetischen und mehrj\u00e4hrigen Dimension getrennt ist.<\/p>\n<\/p><a class=\"magicmore\" href=\"\/atelier\/studio-graphique-poetique\/\">mehr dazu<\/a><\/article>[\/vc_tab][vc_tab title=&#8220;Von der Zeichnung zum Vinyl&#8220; tab_id=&#8220;1423055123590-2-0c9a8-ce75&#8243;]<article class=\"icon-box\"><a href='\/atelier\/matiere-vinyle-peinture\/'><i class=\"fa-paint-brush\" style=\" color:#1591a5;\"><\/i><\/a><h4><strong><\/strong><\/h4><p>\n<p>Das zeitgen\u00f6ssische Wandkunststudio Osmoze hat eine besondere Vorliebe f\u00fcr professionelle Vinyl-Aufkleber und sehr gro\u00dfformatige Aufkleber, die auf die Kontur des Motivs zugeschnitten sind.<\/p>\n<\/p><a class=\"magicmore\" href=\"\/atelier\/matiere-vinyle-peinture\/\">mehr dazu<\/a><\/article>[\/vc_tab][vc_tab title=&#8220;Herstellung made in France&#8220; tab_id=&#8220;1423055379753-3-2c9a8-ce75&#8243;]<article class=\"icon-box\"><a href='\/atelier\/fabrication-sur-mesure\/'><i class=\"fa-heart\" style=\" color:#1591a5;\"><\/i><\/a><h4><strong><\/strong><\/h4><p>\n<p>Ma\u00dfgeschneidert und 100 % integriert&#8230; made in France. Die Produktionswerkstatt entwirft, fertigt und montiert alle ihre Klebekreationen, Wandsticker und gemalte Wandkunst. Verteilt auf 2 Standorte geht die Konstruktions- und Fertigungswerkstatt von Osmoze voll und ganz auf Ihre Bed\u00fcrfnisse ein.<\/p>\n<\/p><a class=\"magicmore\" href=\"\/atelier\/fabrication-sur-mesure\/\">meh dazu<\/a><\/article>[\/vc_tab][\/vc_tabs][\/vc_column][\/vc_row]\n<\/div>","protected":false},"excerpt":{"rendered":"<p>[vc_row][vc_column width=&#8220;1\/1&#8243;][vc_column_text] Das Wandkunststudio Osmoze arbeitet mit eigenen Teams in ganz Frankreich, Belgien, Europa und weltweit. Jeder unserer grafischen Eingriffe wird von unseren professionellen Installateuren\/Designern gemeistert. Das Markenzeichen des Wandkunststudios Osmoze ist die F\u00e4higkeit, auf alle Ihre W\u00fcnsche&#8230; <\/p>\n<p><a class=\"readmore\" href=\"https:\/\/www.osmoze.fr\/de\/ein-montageservice-in-ganz-frankreich-und-weltweit\/\">Lire la suite<\/a><\/p>\n","protected":false},"author":4,"featured_media":0,"parent":0,"menu_order":30,"comment_status":"closed","ping_status":"closed","template":"","meta":{"footnotes":""},"class_list":["post-14215","page","type-page","status-publish","hentry"],"_links":{"self":[{"href":"https:\/\/www.osmoze.fr\/de\/wp-json\/wp\/v2\/pages\/14215","targetHints":{"allow":["GET"]}}],"collection":[{"href":"https:\/\/www.osmoze.fr\/de\/wp-json\/wp\/v2\/pages"}],"about":[{"href":"https:\/\/www.osmoze.fr\/de\/wp-json\/wp\/v2\/types\/page"}],"author":[{"embeddable":true,"href":"https:\/\/www.osmoze.fr\/de\/wp-json\/wp\/v2\/users\/4"}],"replies":[{"embeddable":true,"href":"https:\/\/www.osmoze.fr\/de\/wp-json\/wp\/v2\/comments?post=14215"}],"version-history":[{"count":0,"href":"https:\/\/www.osmoze.fr\/de\/wp-json\/wp\/v2\/pages\/14215\/revisions"}],"wp:attachment":[{"href":"https:\/\/www.osmoze.fr\/de\/wp-json\/wp\/v2\/media?parent=14215"}],"curies":[{"name":"wp","href":"https:\/\/api.w.org\/{rel}","templated":true}]}}