{"id":14719,"date":"2021-06-28T17:51:29","date_gmt":"2021-06-28T16:51:29","guid":{"rendered":"https:\/\/www.osmoze.fr\/konzepte-by-osmoze\/"},"modified":"2021-11-22T09:47:06","modified_gmt":"2021-11-22T08:47:06","slug":"konzepte-by-osmoze","status":"publish","type":"page","link":"https:\/\/www.osmoze.fr\/de\/konzepte-by-osmoze\/","title":{"rendered":"Signatur-Charta"},"content":{"rendered":"<div class=\"wpb-content-wrapper\">[vc_row][vc_column width=&#8220;1\/2&#8243;]<div class=\"max-title5\"><h2>M\u00e9diath\u00e8que de Hy\u00e8res<\/h2><\/div>[vc_column_text css_animation=&#8220;appear&#8220;]<a href=\"https:\/\/www.osmoze.fr\/signaletique-architecturale-sobre-et-agencement-pur\/\"><img loading=\"lazy\" decoding=\"async\" class=\"alignnone size-full wp-image-18916\" src=\"https:\/\/www.osmoze.fr\/wp-content\/uploads\/2021\/11\/concept-ext-hye\u0300res-2.jpg\" alt=\"osmoze-charte-signal\u00e9tique\" width=\"1200\" height=\"600\" title=\"\" srcset=\"https:\/\/www.osmoze.fr\/wp-content\/uploads\/2021\/11\/concept-ext-hye\u0300res-2.jpg 1200w, https:\/\/www.osmoze.fr\/wp-content\/uploads\/2021\/11\/concept-ext-hye\u0300res-2-300x150.jpg 300w, https:\/\/www.osmoze.fr\/wp-content\/uploads\/2021\/11\/concept-ext-hye\u0300res-2-1024x512.jpg 1024w, https:\/\/www.osmoze.fr\/wp-content\/uploads\/2021\/11\/concept-ext-hye\u0300res-2-768x384.jpg 768w\" sizes=\"auto, (max-width: 1200px) 100vw, 1200px\" \/><\/a>[\/vc_column_text]<div class=\"max-title5\"><h2>D\u00e9partement de la Moselle<\/h2><\/div>[vc_column_text css_animation=&#8220;appear&#8220;]<img loading=\"lazy\" decoding=\"async\" class=\"alignnone size-full wp-image-17992\" src=\"https:\/\/www.osmoze.fr\/wp-content\/uploads\/2021\/09\/Concept_academos-3.jpg\" alt=\"\" width=\"2062\" height=\"2800\" title=\"\" srcset=\"https:\/\/www.osmoze.fr\/wp-content\/uploads\/2021\/09\/Concept_academos-3.jpg 2062w, https:\/\/www.osmoze.fr\/wp-content\/uploads\/2021\/09\/Concept_academos-3-221x300.jpg 221w, https:\/\/www.osmoze.fr\/wp-content\/uploads\/2021\/09\/Concept_academos-3-754x1024.jpg 754w, https:\/\/www.osmoze.fr\/wp-content\/uploads\/2021\/09\/Concept_academos-3-768x1043.jpg 768w, https:\/\/www.osmoze.fr\/wp-content\/uploads\/2021\/09\/Concept_academos-3-1131x1536.jpg 1131w, https:\/\/www.osmoze.fr\/wp-content\/uploads\/2021\/09\/Concept_academos-3-1508x2048.jpg 1508w\" sizes=\"auto, (max-width: 2062px) 100vw, 2062px\" \/>[\/vc_column_text]<div class=\"max-title5\"><h2>Si\u00e8ge social des assurances du Cr\u00e9dit Mutuel de Lille<\/h2><\/div>[vc_column_text css_animation=&#8220;appear&#8220;]<a href=\"https:\/\/www.osmoze.fr\/vitrophanies-artistiques-horizontale-et-signaletique-artistique-pour-le-credit-mutuel-a-lille\/\"><img loading=\"lazy\" decoding=\"async\" class=\"alignnone size-full wp-image-19041\" src=\"https:\/\/www.osmoze.fr\/wp-content\/uploads\/2021\/11\/concept-ext-kardham-2-1.jpg\" alt=\"Concept graphique kardham osmoze\" width=\"1200\" height=\"600\" title=\"\" srcset=\"https:\/\/www.osmoze.fr\/wp-content\/uploads\/2021\/11\/concept-ext-kardham-2-1.jpg 1200w, https:\/\/www.osmoze.fr\/wp-content\/uploads\/2021\/11\/concept-ext-kardham-2-1-300x150.jpg 300w, https:\/\/www.osmoze.fr\/wp-content\/uploads\/2021\/11\/concept-ext-kardham-2-1-1024x512.jpg 1024w, https:\/\/www.osmoze.fr\/wp-content\/uploads\/2021\/11\/concept-ext-kardham-2-1-768x384.jpg 768w\" sizes=\"auto, (max-width: 1200px) 100vw, 1200px\" \/><\/a>[\/vc_column_text]<div class=\"max-title5\"><h2>Centre aquatique de Ferrette<\/h2><\/div>[vc_column_text css_animation=&#8220;appear&#8220;]<a href=\"https:\/\/www.osmoze.fr\/piscine-scandinave-de-ferrette-se-modernise\/\"><img loading=\"lazy\" decoding=\"async\" class=\"size-full wp-image-14722\" src=\"https:\/\/www.osmoze.fr\/wp-content\/uploads\/2020\/08\/Piscine-de-Ferrette-2.jpg\" alt=\"&gt;Sticker\u00a0mural&gt;Sticker\u00a0mural\u00a0sur\u00a0mesure&gt;Sticker\u00a0mural\u00a0nature&gt;Sticker\u00a0mural\u00a0texte&gt;Sticker\u00a0mural\u00a0animal&gt;Sticker\u00a0mural\u00a0pour\u00a0entreprise&gt;Sticker\u00a0mural\u00a0pays&gt;Sticker\u00a0d\u00e9coratif&gt;Sticker\u00a0d\u00e9coratif\u00a0pour\u00a0vitre&gt;Sticker\u00a0mural\u00a0en\u00a0vinyle&gt;Sticker\u00a0mural\u00a0silhouette&gt;Sticker\u00a0mural\u00a0standard&gt;Sticker\u00a0d\u00e9coratif\u00a0sur\u00a0mesure&gt;Sticker\u00a0mural\u00a0divers&gt;Sticker\u00a0mural\u00a0signal\u00e9tique&gt;D\u00e9coration murale&gt;D\u00e9coration contemporaine&gt;D\u00e9coration artistique&gt;D\u00e9coration monumentale&gt;D\u00e9coration murale sur\u00a0mesure&gt;D\u00e9coration\u00a0murale\u00a0pour\u00a0entreprise&gt;D\u00e9coration pour\u00a0vitre&gt;D\u00e9coration vitrophanie&gt;D\u00e9coration int\u00e9rieure&gt;D\u00e9coration ext\u00e9rieure&gt;D\u00e9coration po\u00e9tique&gt;D\u00e9coration bureaux&gt;D\u00e9coration h\u00f4pital&gt;D\u00e9coration \u00e9cole&gt;D\u00e9coration universit\u00e9&gt;D\u00e9coration restaurant&gt;D\u00e9coration self&gt;D\u00e9coration caf\u00e9t\u00e9ria&gt;D\u00e9coration administration&gt;Design mural&gt;Design contemporain&gt;Design artistique&gt;Design monumental&gt;Design mural sur\u00a0mesure&gt;Design mural\u00a0pour\u00a0entreprise&gt;Design pour\u00a0vitre&gt;Design vitrophanie&gt;Design int\u00e9rieur&gt;Design ext\u00e9rieur&gt;Design po\u00e9tique&gt;Signal\u00e9tique&gt;Signal\u00e9tique administration&gt;AGENCE SIGNALETIQUE&gt;Signal\u00e9tique graphique&gt;Signal\u00e9tique design&gt;Signal\u00e9tique adh\u00e9sive&gt;Signal\u00e9tique peinte&gt;Signal\u00e9tique h\u00f4pital&gt;Signal\u00e9tique EHPAD&gt;Signal\u00e9tique corporate&gt;Signal\u00e9tique haut de gamme&gt;Signal\u00e9tique sobre&gt;Signal\u00e9tique scandinave&gt;Signal\u00e9tique fresque&gt;Signal\u00e9tique de porte&gt;Signal\u00e9tique artistique&gt;Signal\u00e9tique sensorielle&gt;Signal\u00e9tique architecturale&gt;Signal\u00e9tique sur mesure&gt;Signal\u00e9tique int\u00e9rieure&gt;Signal\u00e9tique ext\u00e9rieure&gt;Signal\u00e9tique monumentale&gt;Signal\u00e9tique informative&gt;Signal\u00e9tique d\u00e9corative&gt;Signal\u00e9tique 3D&gt;Signal\u00e9tique d\u2019entreprise&gt;Signal\u00e9tique de bureau&gt;Signal\u00e9tique m\u00e9dicale&gt;Charte signal\u00e9tique&gt;\u00c9tude signal\u00e9tique&gt;Concept signal\u00e9tique&gt;Atelier d\u2019art&gt;\u0152uvre d\u2019art&gt;\u0152uvre monumentale&gt;\u0152uvre architecturale&gt;\u0152uvre d\u2019art murale&gt;Art Mural&gt;ART GRAPHIQUE&gt;DESSIN MURAL&gt;CREATION UNIVERS&gt;THE\u00c2TRALISATION ESPACE&gt;AGENCEMENT HOPITAL&gt;AGENCEMENT BUREAUX&gt;AGENCEMENT UNIVERSITE&gt;AGENCEMENT SELF&gt;AGENCEMENT CAFETERIA&gt;BIEN \u00caTRE BUREAU&gt;BIEN \u00caTRE H\u00d4PITAL&gt;BIEN \u00caTRE TRAVAIL&gt;Fresque&gt;Fresque signal\u00e9tique&gt;Fresque fonctionnelle&gt;Fresque sur mesure&gt;Fresque entreprise&gt;Fresque ECOLE&gt;Fresque architecturale&gt;Fresque d\u2019entreprise&gt;1% artistique&gt;Fresque d\u2019h\u00f4pital&gt;Fresque d\u2019\u00e9cole&gt;PICTOGRAMME SIGNALETIQUE&gt;PICTOGRAMME GRAPHIQUE&gt;PICTOGRAMME DESIGN&gt;TYPOGRAPHIE DESIGN&gt;TYPOGRAPHIE SIGNALETIQUE Traduction en Allemand\u00a0: Wandaufkleber&gt;Wandaufkleber individuell&gt;Wandaufkleber Natur&gt;Wandaufkleber Text&gt;Wandaufkleber Haustier&gt;Wandaufkleber Gesch\u00e4ft&gt;Wandaufkleber Land&gt;Dekorationsaufkleber&gt;Dekorationsaufkleber Glas&gt;Dekorationsaufkleber Glas&gt;Wandaufkleber Vinyl&gt;Wandaufkleber Silhouette&gt;Wandaufkleber Standard&gt;Wandaufkleber Standard&gt;Wandaufkleber individuell&gt;Verschiedene Wandaufkleber Signalen-Wandaufkleber&gt;Wanddekoration&gt;Zeitgen\u00f6ssische Dekoration&gt;K\u00fcnstlerische Dekoration&gt;Monumentaldekoration&gt;Wanddekoration nach Mass&gt;Fensterdekoration&gt;Glasdekoration&gt;Innendekoration&gt;Aussendekoration&gt;Dekoration Poetisch&gt;B\u00fcrodekoration&gt;Krankenhausdekoration&gt;Schuldekoration&gt;Hochschuldekoration&gt;Restaurantdekoration&gt;Selbstdekoration&gt;Cafeteriadekoration&gt;Verwaltungsdekoration&gt;Wandgestaltung&gt;Zeitgen\u00f6ssische Gestaltung&gt;K\u00fcnstlerische Gestaltung&gt;Monumentale Gestaltung&gt;Wandgestaltung nach Ma\u00df&gt;Gestaltung Wandbilder f\u00fcr Unternehmen&gt;Design f\u00fcr Glas&gt;Design f\u00fcr Fenster&gt;Design Vitrophanie&gt;Design Innenarchitektur&gt;Design Au\u00dfen Architektur&gt;Poetisches Design&gt;Signal\u00e9tique&gt;Verwaltungsbeschilderung&gt;Schilderagentur&gt;Grafische Beschilderung&gt;Design Beschilderung&gt;Klebeschilderung&gt;Gemalte Beschilderung&gt;Schilder Krankenhaus&gt;EHPAD-Beschilderung&gt;Unternehmensbeschilderung&gt;High-End-Beschilderung&gt;N\u00fcchterne Beschilderung&gt;Skandinavische Beschilderung&gt;Frische Beschilderung&gt;T\u00fcrbeschilderung&gt;K\u00fcnstlerische Beschilderung&gt;Sensorische Beschilderung&gt;Architektonische Beschilderung&gt;Individuelle Beschilderung&gt;Innenbeschilderung&gt;Au\u00dfenbeschilderung&gt;Monumentale Beschilderung&gt;Informative Beschilderung&gt;Dekorative Beschilderung&gt;3D-Beschilderung&gt;Unternehmensbeschilderung&gt;B\u00fcrobeschilderung&gt;Medizinische Beschilderung&gt;Karte Beschilderung&gt;Beschilderungsstudie&gt;Beschilderungskonzept&gt;Kunstwerk&gt;Monumentalwerk&gt;Architekturwerk&gt;Wandkunst&gt;Graphik&gt;WANDAUFBAU&gt;WERKSTATTUNG&gt;RRAUMBEHANDLUNG&gt;AGENTUR KOSPITAL&gt;B\u00dcROAUSR\u00dcSTUNGEN&gt;AUSR\u00dcSTUNGEN DER UNIVERSIT\u00c4T&gt;SELBSTAUSR\u00dcSTUNGEN&gt;KAFFEEAUSR\u00dcSTUNGEN&gt;B\u00dcROAUSR\u00dcSTUNGEN&gt;KOSPITALAUSR\u00dcSTUNGEN&gt;ArbeitsausR\u00dcSTUNGEN&gt;Funktionelle AUSR\u00dcSTUNGEN&gt;Ma\u00dfgefertigte AUSR\u00dcSTUNGEN&gt; Freske Firma&gt;Schulschild&gt;Architektonisches Schild&gt;Firmenschild&gt;1% k\u00fcnstlerisch&gt;Krankenhausschild&gt;Schulschild&gt;SIGNTOGRAM&gt;GRAFISCHE Skizze&gt;Design-Schild&gt;Design-Schriftart&gt;Schriftart&gt;Schriftart signieren Traduction en anglais : &gt;Wall sticker&gt;Custom-made wall sticker&gt;Nature wall sticker&gt;Text wall sticker&gt;Pet wall sticker&gt;Business wall sticker&gt;Country wall sticker&gt;Decorative sticker&gt;Glass decorative sticker&gt;Vinyl wall sticker&gt;Silhouette wall sticker&gt;Standard wall sticker&gt;Decorative sticker on measure&gt;Miscellaneous wall stickers&gt;Signage wall stickers&gt;Wall decoration&gt;Contemporary decoration&gt;Artistic decoration&gt;Monumental decoration&gt;Made to measure wall decoration&gt;Window decoration&gt;Glass decoration&gt;Interior decoration&gt;Decoration Outdoor&gt;Poetic decoration&gt;Office decoration&gt;Hospital decoration&gt;School decoration&gt;University decoration&gt;Restaurant decoration&gt;Self decoration&gt;Cafeteria decoration&gt;Administration decoration&gt;Wall design&gt;Contemporary design&gt;Artistic design&gt;Monumental design&gt;Made to measure wall design&gt;Design business wall&gt;Glass design&gt;Stained glass design&gt;Interior design&gt;Exterior design&gt;Poetic design&gt;Signage design&gt;Administration signage&gt;Signage agency&gt;Graphic signage&gt;Design signage&gt;Adhesive signage&gt;Painted signage&gt;Hospital signage&gt;Signage EHPAD&gt;Corporate signage&gt;High end signage&gt;Sophisticated signage&gt;Scandinavian signage&gt;Fresh signage&gt;Door signage&gt;Artistic signage&gt;Sensory signage&gt;Architectural signage&gt;Custom made signage&gt;Interior signage&gt;Signage outdoor&gt;Monumental Signage&gt;Informative Signage&gt;Decorative Signage&gt;3D Signage&gt;Corporate Signage&gt;Office Signage&gt;Medical Signage&gt;Signage Design&gt;Signage Concept&gt;Art-Workshop&gt;Monumental Work&gt;Work architectural&gt;mural art&gt;WALL ART&gt;GRAPHIC ART&gt;WALL DESIGN&gt;UNIVERSITY DESIGN&gt;SPACE SETTINGS&gt;HOSPITAL SETTINGS&gt;OFFICE SETTINGS&gt;UNIVERSITY SETTINGS&gt;SELF SETTINGS&gt;COFFEE SETTINGS&gt;OFFICE SETTINGS&gt;HOSPITAL SETTINGS&gt;Mural&gt;signage&gt;Functional sign&gt;Custom-made sign&gt;Corporate sign&gt;School sign&gt;Architectural sign&gt;Corporate sign&gt;1% artistic sign&gt;Hospital sign&gt;School sign&gt;SIGNTOGRAM&gt;GRAPHICAL SIGNAGE&gt;Design sign&gt;Design typeface&gt;Sign typeface&gt; \" width=\"2095\" height=\"2715\" title=\"\"><\/a>[\/vc_column_text]<div class=\"max-title5\"><h2>R\u00e9sidence Universitaire Crous de Lyon<\/h2><\/div>[vc_column_text css_animation=&#8220;appear&#8220;]\n<p><img loading=\"lazy\" decoding=\"async\" class=\"alignnone size-full wp-image-13624\" src=\"https:\/\/www.osmoze.fr\/wp-content\/uploads\/2020\/08\/Mermoz-charte-graphique-2.jpg\" alt=\"\" width=\"1360\" height=\"1047\" title=\"\" srcset=\"https:\/\/www.osmoze.fr\/wp-content\/uploads\/2020\/08\/Mermoz-charte-graphique-2.jpg 1360w, https:\/\/www.osmoze.fr\/wp-content\/uploads\/2020\/08\/Mermoz-charte-graphique-2-300x231.jpg 300w, https:\/\/www.osmoze.fr\/wp-content\/uploads\/2020\/08\/Mermoz-charte-graphique-2-768x591.jpg 768w, https:\/\/www.osmoze.fr\/wp-content\/uploads\/2020\/08\/Mermoz-charte-graphique-2-1024x788.jpg 1024w\" sizes=\"auto, (max-width: 1360px) 100vw, 1360px\" \/><\/p>\n[\/vc_column_text][\/vc_column][vc_column width=&#8220;1\/2&#8243;]<div class=\"max-title5\"><h2>Mairie d&#8217;Obernai<\/h2><\/div>[vc_column_text css_animation=&#8220;appear&#8220;]\n<p><a href=\"https:\/\/www.osmoze.fr\/vitrophanie-et-signaletique-institutionnelle-mairie-obernai\/\"><img loading=\"lazy\" decoding=\"async\" class=\"alignnone size-full wp-image-13569\" src=\"https:\/\/www.osmoze.fr\/wp-content\/uploads\/2020\/08\/mairie-dobernai.3.jpg\" alt=\"\" width=\"1046\" height=\"1359\" title=\"\"><\/a><\/p>\n[\/vc_column_text]<div class=\"max-title5\"><h2>M\u00e9diath\u00e8que de Grasse<\/h2><\/div>[vc_column_text css_animation=&#8220;appear&#8220;]<img loading=\"lazy\" decoding=\"async\" class=\"alignnone size-full wp-image-19001\" src=\"https:\/\/www.osmoze.fr\/wp-content\/uploads\/2021\/11\/me\u0301diathe\u0300que-grasse-ext-2-1.jpg\" alt=\"\" width=\"1200\" height=\"600\" title=\"\" srcset=\"https:\/\/www.osmoze.fr\/wp-content\/uploads\/2021\/11\/me\u0301diathe\u0300que-grasse-ext-2-1.jpg 1200w, https:\/\/www.osmoze.fr\/wp-content\/uploads\/2021\/11\/me\u0301diathe\u0300que-grasse-ext-2-1-300x150.jpg 300w, https:\/\/www.osmoze.fr\/wp-content\/uploads\/2021\/11\/me\u0301diathe\u0300que-grasse-ext-2-1-1024x512.jpg 1024w, https:\/\/www.osmoze.fr\/wp-content\/uploads\/2021\/11\/me\u0301diathe\u0300que-grasse-ext-2-1-768x384.jpg 768w\" sizes=\"auto, (max-width: 1200px) 100vw, 1200px\" \/>[\/vc_column_text]<div class=\"max-title5\"><h2>Polyclinique Burgmann de Bruxelles<\/h2><\/div>[vc_column_text css_animation=&#8220;appear&#8220;]<a href=\"https:\/\/www.osmoze.fr\/decoration-murale-monumentale-polyclinique-bruxelles\/\"><img loading=\"lazy\" decoding=\"async\" class=\"alignnone wp-image-14725 size-full\" src=\"https:\/\/www.osmoze.fr\/wp-content\/uploads\/2020\/08\/CHU-Brugmann-1.jpg\" alt=\"&gt;Sticker\u00a0mural&gt;Sticker\u00a0mural\u00a0sur\u00a0mesure&gt;Sticker\u00a0mural\u00a0nature&gt;Sticker\u00a0mural\u00a0texte&gt;Sticker\u00a0mural\u00a0animal&gt;Sticker\u00a0mural\u00a0pour\u00a0entreprise&gt;Sticker\u00a0mural\u00a0pays&gt;Sticker\u00a0d\u00e9coratif&gt;Sticker\u00a0d\u00e9coratif\u00a0pour\u00a0vitre&gt;Sticker\u00a0mural\u00a0en\u00a0vinyle&gt;Sticker\u00a0mural\u00a0silhouette&gt;Sticker\u00a0mural\u00a0standard&gt;Sticker\u00a0d\u00e9coratif\u00a0sur\u00a0mesure&gt;Sticker\u00a0mural\u00a0divers&gt;Sticker\u00a0mural\u00a0signal\u00e9tique&gt;D\u00e9coration murale&gt;D\u00e9coration contemporaine&gt;D\u00e9coration artistique&gt;D\u00e9coration monumentale&gt;D\u00e9coration murale sur\u00a0mesure&gt;D\u00e9coration\u00a0murale\u00a0pour\u00a0entreprise&gt;D\u00e9coration pour\u00a0vitre&gt;D\u00e9coration vitrophanie&gt;D\u00e9coration int\u00e9rieure&gt;D\u00e9coration ext\u00e9rieure&gt;D\u00e9coration po\u00e9tique&gt;D\u00e9coration bureaux&gt;D\u00e9coration h\u00f4pital&gt;D\u00e9coration \u00e9cole&gt;D\u00e9coration universit\u00e9&gt;D\u00e9coration restaurant&gt;D\u00e9coration self&gt;D\u00e9coration caf\u00e9t\u00e9ria&gt;D\u00e9coration administration&gt;Design mural&gt;Design contemporain&gt;Design artistique&gt;Design monumental&gt;Design mural sur\u00a0mesure&gt;Design mural\u00a0pour\u00a0entreprise&gt;Design pour\u00a0vitre&gt;Design vitrophanie&gt;Design int\u00e9rieur&gt;Design ext\u00e9rieur&gt;Design po\u00e9tique&gt;Signal\u00e9tique&gt;Signal\u00e9tique administration&gt;AGENCE SIGNALETIQUE&gt;Signal\u00e9tique graphique&gt;Signal\u00e9tique design&gt;Signal\u00e9tique adh\u00e9sive&gt;Signal\u00e9tique peinte&gt;Signal\u00e9tique h\u00f4pital&gt;Signal\u00e9tique EHPAD&gt;Signal\u00e9tique corporate&gt;Signal\u00e9tique haut de gamme&gt;Signal\u00e9tique sobre&gt;Signal\u00e9tique scandinave&gt;Signal\u00e9tique fresque&gt;Signal\u00e9tique de porte&gt;Signal\u00e9tique artistique&gt;Signal\u00e9tique sensorielle&gt;Signal\u00e9tique architecturale&gt;Signal\u00e9tique sur mesure&gt;Signal\u00e9tique int\u00e9rieure&gt;Signal\u00e9tique ext\u00e9rieure&gt;Signal\u00e9tique monumentale&gt;Signal\u00e9tique informative&gt;Signal\u00e9tique d\u00e9corative&gt;Signal\u00e9tique 3D&gt;Signal\u00e9tique d\u2019entreprise&gt;Signal\u00e9tique de bureau&gt;Signal\u00e9tique m\u00e9dicale&gt;Charte signal\u00e9tique&gt;\u00c9tude signal\u00e9tique&gt;Concept signal\u00e9tique&gt;Atelier d\u2019art&gt;\u0152uvre d\u2019art&gt;\u0152uvre monumentale&gt;\u0152uvre architecturale&gt;\u0152uvre d\u2019art murale&gt;Art Mural&gt;ART GRAPHIQUE&gt;DESSIN MURAL&gt;CREATION UNIVERS&gt;THE\u00c2TRALISATION ESPACE&gt;AGENCEMENT HOPITAL&gt;AGENCEMENT BUREAUX&gt;AGENCEMENT UNIVERSITE&gt;AGENCEMENT SELF&gt;AGENCEMENT CAFETERIA&gt;BIEN \u00caTRE BUREAU&gt;BIEN \u00caTRE H\u00d4PITAL&gt;BIEN \u00caTRE TRAVAIL&gt;Fresque&gt;Fresque signal\u00e9tique&gt;Fresque fonctionnelle&gt;Fresque sur mesure&gt;Fresque entreprise&gt;Fresque ECOLE&gt;Fresque architecturale&gt;Fresque d\u2019entreprise&gt;1% artistique&gt;Fresque d\u2019h\u00f4pital&gt;Fresque d\u2019\u00e9cole&gt;PICTOGRAMME SIGNALETIQUE&gt;PICTOGRAMME GRAPHIQUE&gt;PICTOGRAMME DESIGN&gt;TYPOGRAPHIE DESIGN&gt;TYPOGRAPHIE SIGNALETIQUE Traduction en Allemand\u00a0: Wandaufkleber&gt;Wandaufkleber individuell&gt;Wandaufkleber Natur&gt;Wandaufkleber Text&gt;Wandaufkleber Haustier&gt;Wandaufkleber Gesch\u00e4ft&gt;Wandaufkleber Land&gt;Dekorationsaufkleber&gt;Dekorationsaufkleber Glas&gt;Dekorationsaufkleber Glas&gt;Wandaufkleber Vinyl&gt;Wandaufkleber Silhouette&gt;Wandaufkleber Standard&gt;Wandaufkleber Standard&gt;Wandaufkleber individuell&gt;Verschiedene Wandaufkleber Signalen-Wandaufkleber&gt;Wanddekoration&gt;Zeitgen\u00f6ssische Dekoration&gt;K\u00fcnstlerische Dekoration&gt;Monumentaldekoration&gt;Wanddekoration nach Mass&gt;Fensterdekoration&gt;Glasdekoration&gt;Innendekoration&gt;Aussendekoration&gt;Dekoration Poetisch&gt;B\u00fcrodekoration&gt;Krankenhausdekoration&gt;Schuldekoration&gt;Hochschuldekoration&gt;Restaurantdekoration&gt;Selbstdekoration&gt;Cafeteriadekoration&gt;Verwaltungsdekoration&gt;Wandgestaltung&gt;Zeitgen\u00f6ssische Gestaltung&gt;K\u00fcnstlerische Gestaltung&gt;Monumentale Gestaltung&gt;Wandgestaltung nach Ma\u00df&gt;Gestaltung Wandbilder f\u00fcr Unternehmen&gt;Design f\u00fcr Glas&gt;Design f\u00fcr Fenster&gt;Design Vitrophanie&gt;Design Innenarchitektur&gt;Design Au\u00dfen Architektur&gt;Poetisches Design&gt;Signal\u00e9tique&gt;Verwaltungsbeschilderung&gt;Schilderagentur&gt;Grafische Beschilderung&gt;Design Beschilderung&gt;Klebeschilderung&gt;Gemalte Beschilderung&gt;Schilder Krankenhaus&gt;EHPAD-Beschilderung&gt;Unternehmensbeschilderung&gt;High-End-Beschilderung&gt;N\u00fcchterne Beschilderung&gt;Skandinavische Beschilderung&gt;Frische Beschilderung&gt;T\u00fcrbeschilderung&gt;K\u00fcnstlerische Beschilderung&gt;Sensorische Beschilderung&gt;Architektonische Beschilderung&gt;Individuelle Beschilderung&gt;Innenbeschilderung&gt;Au\u00dfenbeschilderung&gt;Monumentale Beschilderung&gt;Informative Beschilderung&gt;Dekorative Beschilderung&gt;3D-Beschilderung&gt;Unternehmensbeschilderung&gt;B\u00fcrobeschilderung&gt;Medizinische Beschilderung&gt;Karte Beschilderung&gt;Beschilderungsstudie&gt;Beschilderungskonzept&gt;Kunstwerk&gt;Monumentalwerk&gt;Architekturwerk&gt;Wandkunst&gt;Graphik&gt;WANDAUFBAU&gt;WERKSTATTUNG&gt;RRAUMBEHANDLUNG&gt;AGENTUR KOSPITAL&gt;B\u00dcROAUSR\u00dcSTUNGEN&gt;AUSR\u00dcSTUNGEN DER UNIVERSIT\u00c4T&gt;SELBSTAUSR\u00dcSTUNGEN&gt;KAFFEEAUSR\u00dcSTUNGEN&gt;B\u00dcROAUSR\u00dcSTUNGEN&gt;KOSPITALAUSR\u00dcSTUNGEN&gt;ArbeitsausR\u00dcSTUNGEN&gt;Funktionelle AUSR\u00dcSTUNGEN&gt;Ma\u00dfgefertigte AUSR\u00dcSTUNGEN&gt; Freske Firma&gt;Schulschild&gt;Architektonisches Schild&gt;Firmenschild&gt;1% k\u00fcnstlerisch&gt;Krankenhausschild&gt;Schulschild&gt;SIGNTOGRAM&gt;GRAFISCHE Skizze&gt;Design-Schild&gt;Design-Schriftart&gt;Schriftart&gt;Schriftart signieren Traduction en anglais : &gt;Wall sticker&gt;Custom-made wall sticker&gt;Nature wall sticker&gt;Text wall sticker&gt;Pet wall sticker&gt;Business wall sticker&gt;Country wall sticker&gt;Decorative sticker&gt;Glass decorative sticker&gt;Vinyl wall sticker&gt;Silhouette wall sticker&gt;Standard wall sticker&gt;Decorative sticker on measure&gt;Miscellaneous wall stickers&gt;Signage wall stickers&gt;Wall decoration&gt;Contemporary decoration&gt;Artistic decoration&gt;Monumental decoration&gt;Made to measure wall decoration&gt;Window decoration&gt;Glass decoration&gt;Interior decoration&gt;Decoration Outdoor&gt;Poetic decoration&gt;Office decoration&gt;Hospital decoration&gt;School decoration&gt;University decoration&gt;Restaurant decoration&gt;Self decoration&gt;Cafeteria decoration&gt;Administration decoration&gt;Wall design&gt;Contemporary design&gt;Artistic design&gt;Monumental design&gt;Made to measure wall design&gt;Design business wall&gt;Glass design&gt;Stained glass design&gt;Interior design&gt;Exterior design&gt;Poetic design&gt;Signage design&gt;Administration signage&gt;Signage agency&gt;Graphic signage&gt;Design signage&gt;Adhesive signage&gt;Painted signage&gt;Hospital signage&gt;Signage EHPAD&gt;Corporate signage&gt;High end signage&gt;Sophisticated signage&gt;Scandinavian signage&gt;Fresh signage&gt;Door signage&gt;Artistic signage&gt;Sensory signage&gt;Architectural signage&gt;Custom made signage&gt;Interior signage&gt;Signage outdoor&gt;Monumental Signage&gt;Informative Signage&gt;Decorative Signage&gt;3D Signage&gt;Corporate Signage&gt;Office Signage&gt;Medical Signage&gt;Signage Design&gt;Signage Concept&gt;Art-Workshop&gt;Monumental Work&gt;Work architectural&gt;mural art&gt;WALL ART&gt;GRAPHIC ART&gt;WALL DESIGN&gt;UNIVERSITY DESIGN&gt;SPACE SETTINGS&gt;HOSPITAL SETTINGS&gt;OFFICE SETTINGS&gt;UNIVERSITY SETTINGS&gt;SELF SETTINGS&gt;COFFEE SETTINGS&gt;OFFICE SETTINGS&gt;HOSPITAL SETTINGS&gt;Mural&gt;signage&gt;Functional sign&gt;Custom-made sign&gt;Corporate sign&gt;School sign&gt;Architectural sign&gt;Corporate sign&gt;1% artistic sign&gt;Hospital sign&gt;School sign&gt;SIGNTOGRAM&gt;GRAPHICAL SIGNAGE&gt;Design sign&gt;Design typeface&gt;Sign typeface&gt; \" width=\"2093\" height=\"2718\" title=\"\"><\/a><\/p>\n[\/vc_column_text]<div class=\"max-title5\"><h2>Mairie de Binic-\u00c9tables sur mer<\/h2><\/div>[vc_column_text css_animation=&#8220;appear&#8220;]<a href=\"https:\/\/www.osmoze.fr\/lode-a-la-ligne-une-signaletique-institutionnelle-stylisee-mairie-de-binic-etables-sur-mer-22\/\"><img loading=\"lazy\" decoding=\"async\" class=\"alignnone size-full wp-image-13436\" src=\"https:\/\/www.osmoze.fr\/wp-content\/uploads\/2020\/08\/Mairie-de-Binic-charte-graphique.1vf.png\" alt=\"\" width=\"1217\" height=\"1771\" title=\"\" srcset=\"https:\/\/www.osmoze.fr\/wp-content\/uploads\/2020\/08\/Mairie-de-Binic-charte-graphique.1vf.png 1217w, https:\/\/www.osmoze.fr\/wp-content\/uploads\/2020\/08\/Mairie-de-Binic-charte-graphique.1vf-206x300.png 206w, https:\/\/www.osmoze.fr\/wp-content\/uploads\/2020\/08\/Mairie-de-Binic-charte-graphique.1vf-768x1118.png 768w, https:\/\/www.osmoze.fr\/wp-content\/uploads\/2020\/08\/Mairie-de-Binic-charte-graphique.1vf-704x1024.png 704w\" sizes=\"auto, (max-width: 1217px) 100vw, 1217px\" \/><\/a>[\/vc_column_text][\/vc_column][\/vc_row]\n<\/div>","protected":false},"excerpt":{"rendered":"<p>[vc_row][vc_column width=&#8220;1\/2&#8243;][vc_column_text css_animation=&#8220;appear&#8220;][\/vc_column_text][vc_column_text css_animation=&#8220;appear&#8220;][\/vc_column_text][vc_column_text css_animation=&#8220;appear&#8220;][\/vc_column_text][vc_column_text css_animation=&#8220;appear&#8220;][\/vc_column_text][vc_column_text css_animation=&#8220;appear&#8220;] [\/vc_column_text][\/vc_column][vc_column width=&#8220;1\/2&#8243;][vc_column_text css_animation=&#8220;appear&#8220;] [\/vc_column_text][vc_column_text css_animation=&#8220;appear&#8220;][\/vc_column_text][vc_column_text css_animation=&#8220;appear&#8220;] [\/vc_column_text][vc_column_text css_animation=&#8220;appear&#8220;][\/vc_column_text][\/vc_column][\/vc_row]<\/p>\n","protected":false},"author":4,"featured_media":0,"parent":0,"menu_order":0,"comment_status":"closed","ping_status":"closed","template":"","meta":{"footnotes":""},"class_list":["post-14719","page","type-page","status-publish","hentry"],"_links":{"self":[{"href":"https:\/\/www.osmoze.fr\/de\/wp-json\/wp\/v2\/pages\/14719","targetHints":{"allow":["GET"]}}],"collection":[{"href":"https:\/\/www.osmoze.fr\/de\/wp-json\/wp\/v2\/pages"}],"about":[{"href":"https:\/\/www.osmoze.fr\/de\/wp-json\/wp\/v2\/types\/page"}],"author":[{"embeddable":true,"href":"https:\/\/www.osmoze.fr\/de\/wp-json\/wp\/v2\/users\/4"}],"replies":[{"embeddable":true,"href":"https:\/\/www.osmoze.fr\/de\/wp-json\/wp\/v2\/comments?post=14719"}],"version-history":[{"count":0,"href":"https:\/\/www.osmoze.fr\/de\/wp-json\/wp\/v2\/pages\/14719\/revisions"}],"wp:attachment":[{"href":"https:\/\/www.osmoze.fr\/de\/wp-json\/wp\/v2\/media?parent=14719"}],"curies":[{"name":"wp","href":"https:\/\/api.w.org\/{rel}","templated":true}]}}