{"id":19662,"date":"2021-12-06T16:49:18","date_gmt":"2021-12-06T15:49:18","guid":{"rendered":"https:\/\/www.osmoze.fr\/expertise-a-m-o\/"},"modified":"2021-12-06T17:06:27","modified_gmt":"2021-12-06T16:06:27","slug":"expertise-a-m-o","status":"publish","type":"page","link":"https:\/\/www.osmoze.fr\/de\/expertise-a-m-o\/","title":{"rendered":"Expertise \/ A.M.O"},"content":{"rendered":"<div class=\"wpb-content-wrapper\">[vc_row][vc_column][vc_column_text]\n<h1 style=\"text-align: left; color: #996533; font-family: sans-serif;\">Expertise, Beschilderung *<\/h1>\n<p style=\"text-align: left; color: #8f9193; font-family: sans-serif; font-size: 70%;\">*Unterst\u00fctzung des Bauherrn<\/p>\n<hr>\n[\/vc_column_text][vc_row_inner][vc_column_inner width=&#8220;1\/2&#8243; offset=&#8220;vc_hidden-sm vc_hidden-xs&#8220;][vc_column_text]\n<p style=\"font-family: sans-serif; font-size: 95%;\">Hinter jedem Kunstwerk, das auf Dauer angelegt ist, steht<br \/>\nein solides Fundament und technische Strenge bei der Planung.<br \/>\nDas Design der Beschilderungskonzepte von OSMOZE beruht auf der Analyse der Fu\u00dfg\u00e4nger- und Fahrzeugstr\u00f6me durch das Planungsb\u00fcro des Ateliers,<br \/>\ndas ein Netz von Vorrichtungen auf verschiedenen Ebenen der Beschilderung entwickelt. Von den \u00e4u\u00dferen Hauptstr\u00f6men zu den inneren spezifischen Str\u00f6men.<br \/>\nAnschlie\u00dfend wird ein Leitschema erstellt, an dem sich die technische und grafische Antwort orientiert.<br \/>\nDas Atelier f\u00fcr Wandkunst Osmoze \u00fcbernimmt die Verantwortung<br \/>\nf\u00fcr den Sicherheitsausschuss bei der Geb\u00e4udeabnahme. Das B.E.T. r\u00e4t zu einem Layout, das den Normen f\u00fcr Behinderte entspricht und intuitiv und knotenfrei zu bedienen ist.<br \/>\nSie ist es, die den reibungslosen Ablauf der Bewegungen gew\u00e4hrleistet.<\/p>\n[\/vc_column_text][\/vc_column_inner][vc_column_inner width=&#8220;1\/2&#8243; offset=&#8220;vc_hidden-sm vc_hidden-xs&#8220;][vc_column_text]\n<p style=\"font-family: sans-serif; font-size: 95%;\">Das Wandkunstatelier OSMZOE hat sich immer in einem Trio<br \/>\n&#8222;PUBLIKUM, NUTZER, GEB\u00c4UDE&#8220; positioniert, um seine Beschilderungscharta<br \/>\nund seine visuelle Ergonomie aufzubauen.<br \/>\nAus der signaltechnischen Intelligenz ergeben sich funktionale R\u00e4ume.<br \/>\nDurch die Integration in die Wand optimiert das Atelier OSMOZE<br \/>\neine rahmen- und st\u00fctzenlose Installation. Auf diese Weise befreit sich das Atelier von den Zw\u00e4ngen, die mit den Referenzen der schnell veralteten Halterungen oder<br \/>\nder Wartung der zerbrechlichen Elemente verbunden sind.<br \/>\nDie Bauherren, die vom Atelier OSMOZE begleitet werden, k\u00f6nnen sich auf<br \/>\neine Koh\u00e4renz zwischen Architektur, Einrichtung und Beschilderung verlassen.<\/p>\n[\/vc_column_text][\/vc_column_inner][\/vc_row_inner][vc_row_inner][vc_column_inner offset=&#8220;vc_hidden-lg vc_hidden-md&#8220;][vc_column_text]\n<p style=\"font-family: sans-serif; font-size: 95%;\">Das Wandkunstatelier OSMZOE hat sich immer in einem Trio &#8222;PUBLIKUM, NUTZER, GEB\u00c4UDE&#8220; positioniert, um seine Beschilderungscharta und seine visuelle Ergonomie aufzubauen. Die Bauherren, die vom Atelier OSMOZE begleitet werden, k\u00f6nnen sich auf eine Koh\u00e4renz zwischen Architektur, Einrichtung und Beschilderung verlassen.<\/p>\n[\/vc_column_text][\/vc_column_inner][\/vc_row_inner][vc_column_text]<a href=\"https:\/\/www.osmoze.fr\/workshop-de-linspiration-a-la-creation\/\"><img loading=\"lazy\" decoding=\"async\" class=\"alignnone wp-image-18999 size-full\" src=\"https:\/\/www.osmoze.fr\/wp-content\/uploads\/2021\/11\/me%CC%81diathe%CC%80que-grasse-ext-2-1.jpg\" alt=\"charte signaletique - concept signaletique - etude signaletique - amo - signaletique mediatheque\" width=\"1200\" height=\"600\" title=\"\"><\/a>[\/vc_column_text][\/vc_column][\/vc_row][vc_row][vc_column][vc_column_text]\n<h2 style=\"text-align: left; color: #000000; font-family: sans-serif;\">&#8222;Das Leitbild der Beschilderung verbindet sich immer mit dem Gef\u00fchl der R\u00e4ume&#8220;<\/h2>\n<hr>\n[\/vc_column_text][vc_row_inner][vc_column_inner width=&#8220;1\/2&#8243;][vc_column_text]<img loading=\"lazy\" decoding=\"async\" class=\"aligncenter wp-image-14039\" src=\"https:\/\/www.osmoze.fr\/wp-content\/uploads\/2015\/01\/5fbbcd40ddb96707bd5250a5.jpg\" alt=\"fresque sur mesure - art graphique - design mural sur mesure - signaletique entreprise\" width=\"1200\" height=\"883\" title=\"\">[\/vc_column_text][\/vc_column_inner][vc_column_inner width=&#8220;1\/2&#8243; offset=&#8220;vc_hidden-sm vc_hidden-xs&#8220;][vc_column_text]\n<p style=\"font-family: sans-serif; font-size: 95%;\">Die Beschilderung ist ein weit verbreiteter Begriff, der eine Studie f\u00fcr jedes Geb\u00e4ude mit Publikumsverkehr voraussetzt.<br \/>\nIhre Umsetzung zeigt sich in der Wahl der Materialien, Farben und Ideogramme, die auf einer Achse zwischen Architektur und Funktion der R\u00e4ume beruht.<\/p>\n<p style=\"font-family: sans-serif; font-size: 95%;\">(z. B. narrative Wegweisung in einem Pflegeheim, Organisation der Abl\u00e4ufe in einem Open Space, Beschilderung einer Mediathek, Beschilderung von Veranstaltungen, Orientierungssystem in einem \u00f6ffentlichen Geb\u00e4ude, Richtungssprache einer Ausstellung, einer Klinik&#8230;).<\/p>\n<p style=\"font-family: sans-serif; font-size: 95%;\">Egal in welchem Anwendungsbereich, die Symbiose zwischen Grafikern, Designern und Architekten ist von entscheidender Bedeutung. Die architektonischen Ambitionen der 70er Jahre und ihre vielf\u00e4ltigen Metaphern sind der Beweis daf\u00fcr. Das Centre Pompidou von Renzo Piano ist das Manifest. Die Beschilderung wird zur grafischen Signatur und bildet eine Einheit mit dem Design und der Anordnung des Geb\u00e4udes.<\/p>\n[\/vc_column_text][\/vc_column_inner][\/vc_row_inner][vc_row_inner][vc_column_inner width=&#8220;1\/2&#8243; offset=&#8220;vc_hidden-lg vc_hidden-md&#8220;][vc_column_text]\n<p style=\"font-family: sans-serif; font-size: 95%;\">Die Beschilderung ist ein weit verbreiteter Begriff, der eine Studie f\u00fcr jedes Geb\u00e4ude mit Publikumsverkehr voraussetzt. Ihre Umsetzung zeigt sich in der Wahl der Materialien, Farben und Ideogramme, die auf einer Achse zwischen Architektur und Funktion der R\u00e4ume beruht.<\/p>\n[\/vc_column_text][\/vc_column_inner][\/vc_row_inner]<hr class=\"vertical-space3\">[\/vc_column][\/vc_row][vc_row][vc_column][vc_column_text]<img loading=\"lazy\" decoding=\"async\" class=\"alignnone wp-image-19666 size-full\" src=\"https:\/\/www.osmoze.fr\/wp-content\/uploads\/2020\/01\/IMG_20191203_120128_908-virgile-sans-cerns-1-e1635951030276.jpg\" alt=\"atelier creatif etude signaletique\" width=\"1079\" height=\"794\" title=\"\" srcset=\"https:\/\/www.osmoze.fr\/wp-content\/uploads\/2020\/01\/IMG_20191203_120128_908-virgile-sans-cerns-1-e1635951030276.jpg 1079w, https:\/\/www.osmoze.fr\/wp-content\/uploads\/2020\/01\/IMG_20191203_120128_908-virgile-sans-cerns-1-e1635951030276-300x221.jpg 300w, https:\/\/www.osmoze.fr\/wp-content\/uploads\/2020\/01\/IMG_20191203_120128_908-virgile-sans-cerns-1-e1635951030276-768x565.jpg 768w, https:\/\/www.osmoze.fr\/wp-content\/uploads\/2020\/01\/IMG_20191203_120128_908-virgile-sans-cerns-1-e1635951030276-1024x754.jpg 1024w\" sizes=\"auto, (max-width: 1079px) 100vw, 1079px\" \/>[\/vc_column_text][\/vc_column][\/vc_row][vc_row][vc_column][vc_column_text]\n<h2 style=\"text-align: left; color: #000000; font-family: sans-serif;\">Die Grafikdesigner bringen den Architekten ihre typografische Kultur und ihr Fachwissen \u00fcber Zeichen bei.<\/h2>\n<hr>\n[\/vc_column_text][vc_row_inner][vc_column_inner width=&#8220;1\/2&#8243; offset=&#8220;vc_hidden-sm vc_hidden-xs&#8220;][vc_column_text]\n<p style=\"font-family: sans-serif; font-size: 95%;\">Die Untersuchung der Beschilderung veranlasst das Wandkunstatelier OSMOZE,<br \/>\ndie soziokulturelle Funktionsweise des Publikums zu entschl\u00fcsseln, die inneren und \u00e4u\u00dferen Str\u00f6me zu regeln und die Art und Weise zu erfassen, wie das Publikum den Raum betritt. Der Grafikdesigner muss sich vorstellen k\u00f6nnen, wie seine Arbeit von der ersten Erfahrung<br \/>\nim Umlauf angesehen und aufgenommen wird.<br \/>\nAus dem architektonischen Komplex taucht immer ein Objekt auf, das sich auf nat\u00fcrliche Weise positioniert: ein Volumen, ein \u00dcberhang, eine Verkleidung, ein Mosaik,<br \/>\nein Schattenspiel, eine Webart auf einem M\u00f6belst\u00fcck&#8230; Die Beschilderung \u00fcbernimmt dann ein Modul, eine Einheit, einen Rhythmus und von da an kombiniert das Atelier<br \/>\nsie mit den Herausforderungen der Nutzer.<br \/>\nDas neue Design Ihrer Typografie und Ihrer Ideogramme wird zu etwas sehr M\u00e4chtigem. Eine Sprache, eine neue Schrift und manchmal sogar ein neues Zeichen. Ein Emblem.<br \/>\nDiese Recherche \u00e4hnelt einer Arbeit der Interpretation des Ortes. Als Vektor f\u00fcr das Verst\u00e4ndnis des Geb\u00e4udes und der Funktionsweise des Ortes<br \/>\nist die Beschilderung von entscheidender Bedeutung.<\/p>\n[\/vc_column_text][\/vc_column_inner][vc_column_inner width=&#8220;1\/2&#8243; offset=&#8220;vc_hidden-sm vc_hidden-xs&#8220;][vc_column_text]\n<p style=\"font-family: sans-serif; font-size: 95%;\">Wenn der Bauherr nicht von Anfang an betont, was auf dem Spiel steht, dann<br \/>\nwird die Beschilderung durch die traditionelle R\u00fcckw\u00e4rtsplanung an das Ende des Projekts gesetzt.<br \/>\nSie tauscht ihre Hilfsfunktion gegen eine Rolle als Erbe der Architektur aus.<br \/>\nF\u00fcr das Wandkunstatelier OSMOZE ist die Koh\u00e4renz zwischen<br \/>\nder grafischen Identit\u00e4t und der Beschilderung von entscheidender Bedeutung. Dieses Know-how geh\u00f6rt uns, den Grafikdesignern.<br \/>\nHeute sind die Akteure im Bauwesen immer empf\u00e4nglicher<br \/>\nf\u00fcr diesen Dialog.<br \/>\nEs gibt immer mehr signaltechnische Werke, die \u00fcber private Einrichtungen hinausgehen.<br \/>\nViele Architekten loben sie.<\/p>\n[\/vc_column_text][\/vc_column_inner][\/vc_row_inner][vc_row_inner][vc_column_inner width=&#8220;1\/2&#8243; offset=&#8220;vc_hidden-lg vc_hidden-md&#8220;][vc_column_text]\n<p style=\"font-family: sans-serif; font-size: 95%;\">Die Untersuchung der Beschilderung veranlasst das Wandkunstatelier OSMOZE, die soziokulturelle Funktionsweise des Publikums zu entschl\u00fcsseln, die inneren und \u00e4u\u00dferen Str\u00f6me zu regeln und die Art und Weise zu erfassen, wie das Publikum den Raum betritt.<\/p>\n[\/vc_column_text][\/vc_column_inner][\/vc_row_inner]<hr class=\"vertical-space3\">[\/vc_column][\/vc_row][vc_row][vc_column][vc_gallery interval=&#8220;5&#8243; images=&#8220;18910,18916,19041&#8243; img_size=&#8220;full&#8220;][\/vc_column][\/vc_row][vc_row][vc_column][vc_column_text]\n<h2 style=\"text-align: left; color: #000000; font-family: sans-serif;\">Die Beschilderungslogik ist eine Kommunikationslogik.<\/h2>\n<hr>\n[\/vc_column_text][vc_row_inner][vc_column_inner width=&#8220;1\/2&#8243; offset=&#8220;vc_hidden-sm vc_hidden-xs&#8220;][vc_column_text]\n<p style=\"font-family: sans-serif; font-size: 95%;\">F\u00fcr viele Grafikdesigner ist die Frage der Beschilderung im Rahmen der visuellen Identit\u00e4t entstanden. Um sich zu entfalten, muss eine wirksame Signalgebung jedoch in eine kulturelle und physische Resonanz eingebettet sein.<br \/>\nDas Wandkunstatelier OSMOZE stellt die \u00d6ffentlichkeit st\u00e4rker in<br \/>\nden Mittelpunkt der \u00dcberlegungen. Das Studio tritt in eine patrimoniale und kulturelle<br \/>\nForschungsarbeit ein. Diese Arbeit n\u00e4hrt grafische Abdr\u00fccke von sprechenden Referenzen.<br \/>\nDie Reproduktionstechniken erm\u00f6glichen es heute, Basreliefs,<br \/>\nTransparenzen oder Objekte, die an der Szenografie teilnehmen, in die Beschilderung einzubeziehen.<br \/>\nDie Forschungs- und Entwicklungsabteilung des Wandkunstateliers OSMOZE bezieht die Normen f\u00fcr Behinderte in ihre Produkte ein. Das Design erm\u00f6glicht es, das, was als Norm erscheint, in eine einzigartige Kreation umzuwandeln. So verwandeln sich<br \/>\nSicherheitsfenster in Karikaturen.<br \/>\nWir finden uns auf diesem Gebiet recht nat\u00fcrlich wieder, denn es<br \/>\nverspricht intuitive Inhalte, herausfordernde Herausforderungen, einen Dialog mit dem Publikum und<br \/>\neine bildhafte Erz\u00e4hlung. Die Andersartigkeit ist unausweichlich.<\/p>\n[\/vc_column_text][\/vc_column_inner][vc_column_inner width=&#8220;1\/2&#8243; offset=&#8220;vc_hidden-sm vc_hidden-xs&#8220;][vc_column_text]\n<p style=\"font-family: sans-serif; font-size: 95%;\">Die Praxis der Beschilderung ist ein Lernprozess vor Ort.<br \/>\nDer Weg f\u00fchrt vom Plan zur Konfrontation mit den Materialien,<br \/>\ndie den gr\u00f6\u00dften Teil der Zeit in Anspruch nimmt.<br \/>\nDie Designer denken nach, indem sie den Ort durchwandern. Die Kreationen werden von den Beziehungen zwischen Materialien und R\u00e4umen inspiriert.<br \/>\nEin vom Wandkunstatelier Osmoze unterzeichnetes<br \/>\nBeschilderungskonzept ist notwendigerweise einzigartig und unnachahmlich, da es in einer<br \/>\neinzigartigen Synergie PUBLIKUM, NUTZER, GEB\u00c4UDE geschaffen wurde.<br \/>\nVon der Analyse bis zur Synthese vervielfachen wir die Operationen der Illustration<br \/>\nund des Zeichnens von Ideogrammen, f\u00fcr eine Produktion, die mit Poesie angereichert ist, die von den Anh\u00e4ngern des Nudge gesch\u00e4tzt wird.<br \/>\nDas Wandkunstatelier OSMOZE erg\u00e4nzt seine visuelle Produktion um<br \/>\neine &#8222;Grammatik&#8220; bei der Suche nach lexikalischen Feldern,<br \/>\ndie die Beschilderung n\u00e4hren. Wenn das Bild nicht ausreicht, muss man nach<br \/>\ndem Vokabular suchen, das f\u00fcr das Publikum am besten geeignet ist.<br \/>\nDie Subtilit\u00e4t der gew\u00e4hlten W\u00f6rter und Namen beruht auf der F\u00e4higkeit zu schreiben<br \/>\nund richtige, interkulturelle und generationen\u00fcbergreifende Aussagen zu finden.<br \/>\nEs ist bedeutsam, dass sich seine Beschilderungsprinzipien auf nat\u00fcrliche Weise in Kunstinstallationen \u00fcbertragen lassen, die unsere Denkweise<br \/>\n\u00fcber Zeichen und Piktogramme hinterfragen.<\/p>\n[\/vc_column_text][\/vc_column_inner][\/vc_row_inner][vc_row_inner][vc_column_inner width=&#8220;1\/2&#8243; offset=&#8220;vc_hidden-lg vc_hidden-md&#8220;][vc_column_text]\n<p style=\"font-family: sans-serif; font-size: 95%;\">F\u00fcr viele Grafikdesigner ist die Frage der Beschilderung im Rahmen der visuellen Identit\u00e4t entstanden. Um sich zu entfalten, muss eine wirksame Signalgebung jedoch in eine kulturelle und physische Resonanz eingebettet sein.<br \/>\nUnser Beruf vereint PMR-Normen, Identifikationsstrategien und poetische Ideogramme.<br \/>\nDie Praxis der Beschilderung ist ein Lernprozess vor Ort. Der Weg f\u00fchrt vom Plan zur Konfrontation mit den Materialien, die den gr\u00f6\u00dften Teil der Zeit in Anspruch nimmt.<\/p>\n[\/vc_column_text][\/vc_column_inner][\/vc_row_inner][\/vc_column][\/vc_row][vc_row][vc_column][vc_column_text]<a href=\"https:\/\/www.osmoze.fr\/jeux-de-lignes-et-dynamisme-dans-la-decoration-murale\/\"><img loading=\"lazy\" decoding=\"async\" class=\"alignnone wp-image-17449 size-full\" src=\"https:\/\/www.osmoze.fr\/wp-content\/uploads\/2021\/07\/IMG_20210630_125517.jpg\" alt=\"signaletique batiment sportif fresque signaletique\" width=\"1203\" height=\"891\" title=\"\" srcset=\"https:\/\/www.osmoze.fr\/wp-content\/uploads\/2021\/07\/IMG_20210630_125517.jpg 1203w, https:\/\/www.osmoze.fr\/wp-content\/uploads\/2021\/07\/IMG_20210630_125517-300x222.jpg 300w, https:\/\/www.osmoze.fr\/wp-content\/uploads\/2021\/07\/IMG_20210630_125517-1024x758.jpg 1024w, https:\/\/www.osmoze.fr\/wp-content\/uploads\/2021\/07\/IMG_20210630_125517-768x569.jpg 768w\" sizes=\"auto, (max-width: 1203px) 100vw, 1203px\" \/><\/a>[\/vc_column_text][\/vc_column][\/vc_row][vc_row row_type=&#8220;2&#8243; blox_bgcolor=&#8220;#f8f8f8&#8243;][vc_column]<hr class=\"vertical-space3\">[vc_row_inner][vc_column_inner width=&#8220;1\/2&#8243; offset=&#8220;vc_hidden-sm vc_hidden-xs&#8220;][vc_column_text]\n<p style=\"font-family: sans-serif; font-size: 95%;\">Es ist immer anregend, die Disziplinen zu wechseln,<br \/>\nda sich die Problematiken gegenseitig befruchten. Die Beschilderungen des Ateliers Osmoze<br \/>\nbauen auf der Erweiterung der Grafikcharta<br \/>\nder Nutzer auf. Das Logo und das Fresko in der Empfangshalle stellen die Einleitung und das Thema der Partitur dar.<br \/>\nSich physisch in einem Geb\u00e4ude zu bewegen, bedeutet zwangsl\u00e4ufig,<br \/>\ndass sich die Atmosph\u00e4re und die Empfindungen \u00e4ndern.<\/p>\n[\/vc_column_text][\/vc_column_inner][vc_column_inner width=&#8220;1\/2&#8243; offset=&#8220;vc_hidden-sm vc_hidden-xs&#8220;][vc_column_text]\n<p style=\"font-family: sans-serif; font-size: 95%;\">Die Beschilderung wirft B\u00fcrgerfragen auf, und die Auftraggeber verstehen,<br \/>\ndass Grafikdesign einen Raum inszenieren kann. Die signaltechnische Erz\u00e4hlung<br \/>\ndes Wandkunstateliers OSMOZE ist ein Tr\u00e4ger von Botschaften, Werten und Ideen mit dem Vorteil, dass sie dem Publikum im Raum folgt<br \/>\nund in der Zeit.<\/p>\n[\/vc_column_text][\/vc_column_inner][\/vc_row_inner][vc_row_inner][vc_column_inner width=&#8220;1\/2&#8243; offset=&#8220;vc_hidden-lg vc_hidden-md&#8220;][vc_column_text]\n<p style=\"font-family: sans-serif; font-size: 95%;\">Die Beschilderungen des Ateliers Osmoze bauen auf der Grafikcharta der Nutzer auf. Die Beschilderung wirft Fragen der B\u00fcrger auf, und die Auftraggeber verstehen, dass Grafikdesign einen Raum inszenieren und ihn geteilter und lebendiger machen kann.<\/p>\n[\/vc_column_text][\/vc_column_inner][vc_column_inner width=&#8220;1\/2&#8243; offset=&#8220;vc_hidden-lg vc_hidden-md&#8220;][vc_column_text]\n<p style=\"font-family: sans-serif; font-size: 95%;\">Die Signalerz\u00e4hlung des Wandkunstateliers OSMOZE ist ein Tr\u00e4ger von Botschaften, Werten und Ideen mit dem Vorteil, dass sie dem Publikum im Raum und in der Zeit folgt.<\/p>\n[\/vc_column_text][\/vc_column_inner][\/vc_row_inner]<hr class=\"vertical-space3\">[\/vc_column][\/vc_row][vc_row][vc_column]<hr class=\"vertical-space3\">[vc_column_text]<img loading=\"lazy\" decoding=\"async\" class=\"alignnone wp-image-19041 size-full\" src=\"https:\/\/www.osmoze.fr\/wp-content\/uploads\/2021\/11\/concept-ext-kardham-2-1.jpg\" alt=\"concept signaletique charte graphique signaletique entreprise\" width=\"1200\" height=\"600\" title=\"\" srcset=\"https:\/\/www.osmoze.fr\/wp-content\/uploads\/2021\/11\/concept-ext-kardham-2-1.jpg 1200w, https:\/\/www.osmoze.fr\/wp-content\/uploads\/2021\/11\/concept-ext-kardham-2-1-300x150.jpg 300w, https:\/\/www.osmoze.fr\/wp-content\/uploads\/2021\/11\/concept-ext-kardham-2-1-1024x512.jpg 1024w, https:\/\/www.osmoze.fr\/wp-content\/uploads\/2021\/11\/concept-ext-kardham-2-1-768x384.jpg 768w\" sizes=\"auto, (max-width: 1200px) 100vw, 1200px\" \/>[\/vc_column_text]<hr class=\"vertical-space3\">[\/vc_column][\/vc_row][vc_row][vc_column offset=&#8220;vc_hidden-sm vc_hidden-xs&#8220;][vc_column_text]\n<p style=\"font-family: sans-serif; font-size: 95%;\">Die Beschilderung belebt Orte, gibt ihnen ihren Anteil an Tr\u00e4umen zur\u00fcck und erm\u00f6glicht es, sie st\u00e4ndig als ein sich entwickelndes narratives System zu denken. Die Energie des Designers des Ateliers OSMOZE angesichts der Vielfalt der Auftr\u00e4ge erinnert daran, dass die Beschilderung sich immer an diesen beiden Polen messen lassen muss:<\/p>\n<h5 style=\"text-align: left;\"><em style=\"font-family: sans-serif; font-size: 120%;\">&#8211; Die notwendige Steifheit eines gebauten Ensembles<\/em><br \/>\n<em style=\"font-family: sans-serif; font-size: 120%;\">&#8211; Die Poesie eines menschlichen Kontextes.<\/em><\/h5>\n<p style=\"font-family: sans-serif; font-size: 95%;\">Das Wandkunstatelier OSMOZE erinnert daran, dass die Beschilderung im monumentalen Ma\u00dfstab ein Labor f\u00fcr grafische, semantische und Designpraktiken ist. Angesichts der vielen verschiedenen Formen von \u00dcberlegungen, Analysen und Synthesen stellt das Atelier bei jedem seiner Auftr\u00e4ge seinen kreativen Prozess in Frage.<\/p>\n[\/vc_column_text][vc_row_inner][vc_column_inner offset=&#8220;vc_hidden-lg vc_hidden-md&#8220;][vc_column_text]\n<p style=\"font-family: sans-serif; font-size: 95%;\">Die Beschilderung belebt Orte, gibt ihnen ihren Anteil an Tr\u00e4umen zur\u00fcck und erm\u00f6glicht es, sie st\u00e4ndig als ein sich entwickelndes narratives System zu denken. Die Energie des Designers des Ateliers OSMOZE angesichts der Vielfalt der Auftr\u00e4ge erinnert daran, dass die Beschilderung sich immer an diesen beiden Polen messen lassen muss:<\/p>\n<h5 style=\"text-align: left;\"><em style=\"font-family: sans-serif; font-size: 120%;\">&#8211; Die notwendige Steifheit eines gebauten Ensembles<\/em><br \/>\n<em style=\"font-family: sans-serif; font-size: 120%;\">&#8211; Die Poesie eines menschlichen Kontextes.<\/em>[\/vc_column_text][\/vc_column_inner][\/vc_row_inner][\/vc_column][\/vc_row][vc_row][vc_column][vc_row_inner][vc_column_inner width=&#8220;1\/2&#8243;][vc_column_text]<a href=\"https:\/\/www.osmoze.fr\/contact\/\"><img loading=\"lazy\" decoding=\"async\" class=\"alignnone wp-image-19019 size-full\" src=\"https:\/\/www.osmoze.fr\/wp-content\/uploads\/2021\/11\/Accompagnement-appel-doffre.png\" alt=\"etude signaletique expertise signaletique appel d&#039;offre\" width=\"811\" height=\"1200\" title=\"\" srcset=\"https:\/\/www.osmoze.fr\/wp-content\/uploads\/2021\/11\/Accompagnement-appel-doffre.png 811w, https:\/\/www.osmoze.fr\/wp-content\/uploads\/2021\/11\/Accompagnement-appel-doffre-203x300.png 203w, https:\/\/www.osmoze.fr\/wp-content\/uploads\/2021\/11\/Accompagnement-appel-doffre-692x1024.png 692w, https:\/\/www.osmoze.fr\/wp-content\/uploads\/2021\/11\/Accompagnement-appel-doffre-768x1136.png 768w\" sizes=\"auto, (max-width: 811px) 100vw, 811px\" \/><\/a>[\/vc_column_text][\/vc_column_inner][vc_column_inner width=&#8220;1\/2&#8243;][vc_column_text]<a href=\"https:\/\/www.osmoze.fr\/contact\/\"><img loading=\"lazy\" decoding=\"async\" class=\"alignnone wp-image-19035 size-full\" src=\"https:\/\/www.osmoze.fr\/wp-content\/uploads\/2021\/11\/e%CC%81tude-comple%CC%80te-2.png\" alt=\"etude signaletique expertise signaletique art mural\" width=\"811\" height=\"1200\" title=\"\"><\/a>[\/vc_column_text][\/vc_column_inner][\/vc_row_inner]<hr class=\"vertical-space3\">[\/vc_column][\/vc_row][vc_row][vc_column][vc_column_text]<\/h5>\n[\/vc_column_text][\/vc_column][\/vc_row]\n<\/div>","protected":false},"excerpt":{"rendered":"<p>[vc_row][vc_column][vc_column_text] Expertise, Beschilderung * *Unterst\u00fctzung des Bauherrn [\/vc_column_text][vc_row_inner][vc_column_inner width=&#8220;1\/2&#8243; offset=&#8220;vc_hidden-sm vc_hidden-xs&#8220;][vc_column_text] Hinter jedem Kunstwerk, das auf Dauer angelegt ist, steht ein solides Fundament und technische Strenge bei der Planung. Das Design der Beschilderungskonzepte von OSMOZE beruht auf der&#8230; <\/p>\n<p><a class=\"readmore\" href=\"https:\/\/www.osmoze.fr\/de\/expertise-a-m-o\/\">Lire la suite<\/a><\/p>\n","protected":false},"author":4,"featured_media":0,"parent":0,"menu_order":0,"comment_status":"closed","ping_status":"closed","template":"","meta":{"footnotes":""},"class_list":["post-19662","page","type-page","status-publish","hentry"],"_links":{"self":[{"href":"https:\/\/www.osmoze.fr\/de\/wp-json\/wp\/v2\/pages\/19662","targetHints":{"allow":["GET"]}}],"collection":[{"href":"https:\/\/www.osmoze.fr\/de\/wp-json\/wp\/v2\/pages"}],"about":[{"href":"https:\/\/www.osmoze.fr\/de\/wp-json\/wp\/v2\/types\/page"}],"author":[{"embeddable":true,"href":"https:\/\/www.osmoze.fr\/de\/wp-json\/wp\/v2\/users\/4"}],"replies":[{"embeddable":true,"href":"https:\/\/www.osmoze.fr\/de\/wp-json\/wp\/v2\/comments?post=19662"}],"version-history":[{"count":0,"href":"https:\/\/www.osmoze.fr\/de\/wp-json\/wp\/v2\/pages\/19662\/revisions"}],"wp:attachment":[{"href":"https:\/\/www.osmoze.fr\/de\/wp-json\/wp\/v2\/media?parent=19662"}],"curies":[{"name":"wp","href":"https:\/\/api.w.org\/{rel}","templated":true}]}}