{"id":14054,"date":"2021-06-20T11:42:45","date_gmt":"2021-06-20T10:42:45","guid":{"rendered":"https:\/\/www.osmoze.fr\/wall-art\/advices\/scenography-and-space-design\/"},"modified":"2021-06-20T11:42:57","modified_gmt":"2021-06-20T10:42:57","slug":"scenography-and-space-design","status":"publish","type":"page","link":"https:\/\/www.osmoze.fr\/en\/wall-art\/advices\/scenography-and-space-design\/","title":{"rendered":"Scenography and space design"},"content":{"rendered":"<div class=\"wpb-content-wrapper\">[vc_row][vc_column width=&#8221;1\/1&#8243;][vc_column_text]\n<p style=\"text-align: center;\">The Osmoze art studio will support and advise you in finding solutions to all your scenography and space design challenges.<\/p>\n[\/vc_column_text][vc_gallery type=&#8221;flexslider_slide&#8221; interval=&#8221;3&#8243; images=&#8221;4622,4620,4621,4623&#8243; onclick=&#8221;link_image&#8221; custom_links_target=&#8221;_self&#8221; img_size=&#8221;1200&#215;370&#8243;][\/vc_column][\/vc_row][vc_row row_type=&#8221;2&#8243; video_fullscreen=&#8221;true&#8221; blox_bg_attachment=&#8221;false&#8221; blox_cover=&#8221;true&#8221; blox_repeat=&#8221;no-repeat&#8221; blox_dark=&#8221;false&#8221; parallax_speed=&#8221;6&#8243; process_count=&#8221;3&#8243; video_type=&#8221;video\/youtube&#8221; video_pattern=&#8221;true&#8221; maxslider_parallax=&#8221;true&#8221; maxslider_pattern=&#8221;true&#8221; blox_bgcolor=&#8221;#f8f8f8&#8243; blox_height=&#8221;380&#8243;][vc_column width=&#8221;1\/1&#8243; css=&#8221;.vc_custom_1423063682346{background-color: #f8f8f8 !important;}&#8221;]<div class=\"max-title2\"><h2>\n<p>\u2019\u2019l\u2019Art de sublimer vos espaces\u2019\u2019<\/p>\n<\/h2><\/div><hr class=\"vertical-space1\">[vc_row_inner][vc_column_inner width=&#8221;2\/12&#8243;]\n[\/vc_column_inner][vc_column_inner width=&#8221;8\/12&#8243;][vc_column_text]\n<p style=\"text-align: center;\">As a creator of experiences, the Osmoze design studio always combines the art of space design with the art of imagining stories. A hand-sewn, emotionally-charged framework for the greatest pleasure of visitors and users. An emotional scenography.<\/p>\n[\/vc_column_text][\/vc_column_inner][vc_column_inner width=&#8221;2\/12&#8243;]\n[\/vc_column_inner][\/vc_row_inner]<hr class=\"vertical-space3\">[\/vc_column][\/vc_row][vc_row row_type=&#8221;2&#8243; video_fullscreen=&#8221;true&#8221; blox_image=&#8221;3999&#8243; blox_bg_attachment=&#8221;false&#8221; blox_cover=&#8221;true&#8221; blox_repeat=&#8221;no-repeat&#8221; blox_dark=&#8221;false&#8221; parallax_speed=&#8221;6&#8243; process_count=&#8221;3&#8243; video_type=&#8221;video\/youtube&#8221; video_pattern=&#8221;true&#8221; maxslider_parallax=&#8221;true&#8221; maxslider_pattern=&#8221;true&#8221; blox_padding_top=&#8221;20&#8243; blox_padding_bottom=&#8221;20&#8243; blox_height=&#8221;380&#8243;][vc_column width=&#8221;1\/1&#8243; css=&#8221;.vc_custom_1423145716106{padding-top: 50px !important;padding-bottom: 70px !important;}&#8221;][vc_column_text]\n<h4 style=\"text-align: center; color: #1591a5; font-weight: bold; text-transform: uppercase; letter-spacing: -1px; margin-bottom: 15px; font-size: 19px;\">OSMOZE WALL ART STUDIO<\/h4>\n<h2 style=\"text-align: center; color: #ffffff;\">L\u2019ateliThe Osmoze design studio works with architects and numerous designers and and many designers and scenographers.<\/h2>\n[\/vc_column_text][\/vc_column][\/vc_row][vc_row][vc_column width=&#8221;1\/1&#8243;]<div class=\"max-title2\"><h2>\n<p>Nos derni\u00e8res R\u00e9f\u00e9rences<\/p>\n<\/h2><\/div>[vc_column_text]\nSee our exclusive, poetic, plant-based wall art and graphic works.<br \/>\nFrom wall decoration to signage, there is only one step that we have delicately taken.<br \/>\n[\/vc_column_text]<section class=\"latest-works col3-w with-space-w\" data-cols=\"3\" data-count=\"9\" data-full=\"\" data-space=\"yes\" data-cat-slug=\"\">\n\t<hr class=\"vertical-space1\">\n\t<div class=\"icon-top-title aligncenter\">\n\t\t<nav class=\"primary clearfix\">\n\t\t\t<div class=\"portfolioFilters\">\n\t\t\t\t<a href=\"#\" class=\"selected\">All<\/a>\n\t\t\t\t<a href=\"#\"  id=\"cultural-institutional\">Cultural &amp; institutional<\/a><a href=\"#\"  id=\"medical-social-en\">Medical &amp; social<\/a>\n\t\t\t<\/div>\n\t\t<\/nav>\n\n\n\t<\/div>\n\t<hr class=\"vertical-space2\">\n\n\t<div class=\"portfolio container\">\n\t\t\t\t\t\t<figure class=\"portfolio-item  medical-social-en medical-social-en  \">\n\t\t\t\t<div class=\"img-item\"><img decoding=\"async\" src=\"https:\/\/www.osmoze.fr\/wp-content\/uploads\/2021\/10\/IMG_20210921_111356true-1-275x184.jpg\" alt=\"A SCREEN OF FOLIAGE ON GLASS, EHPAD LAUFROMONT &#8211; EPINAL (88)\" class=\"thumbnail portfolio_thumb \" title=\"\">\t\t\t\t\t<div class=\"zoomex2\"><h6>A SCREEN OF FOLIAGE ON GLASS, EHPAD LAUFROMONT &#8211; EPINAL (88)<br><small>06 Dec 2021<\/small><\/h6>\n\t\t\t\t\t\t<a href=\"https:\/\/www.osmoze.fr\/wp-content\/uploads\/2021\/10\/IMG_20210921_111356true-1.jpg\" class=\" zoomlink1\" ><i class=\"fa-search-plus\" title=\"Agrandir l'image\"><\/i><\/a><a href=\"https:\/\/www.osmoze.fr\/en\/portfolio\/a-screen-of-foliage-on-glass-ehpad-laufromont-epinal-88\/\" class=\"zoomlink2\" title=\"Ouvrir le projet complet\"><i class=\"fa-arrow-right-5\"><\/i><\/a><\/div><\/div>\n\t\t\t<\/figure>\n\t\t\t\t\t\t<figure class=\"portfolio-item   \">\n\t\t\t\t<div class=\"img-item\"><img decoding=\"async\" src=\"https:\/\/www.osmoze.fr\/wp-content\/uploads\/2021\/11\/croix-rouge-habitat-accueil-275x184.jpg\" alt=\"FRESCOES THAT HIGHLIGHT THE CULTURAL HERITAGE, CROIX-ROUGE-AILLANT SUR THOLON (89)\" class=\"thumbnail portfolio_thumb \" title=\"\">\t\t\t\t\t<div class=\"zoomex2\"><h6>FRESCOES THAT HIGHLIGHT THE CULTURAL HERITAGE, CROIX-ROUGE-AILLANT SUR THOLON (89)<br><small>06 Dec 2021<\/small><\/h6>\n\t\t\t\t\t\t<a href=\"https:\/\/www.osmoze.fr\/wp-content\/uploads\/2021\/11\/croix-rouge-habitat-accueil.jpg\" class=\" zoomlink1\" ><i class=\"fa-search-plus\" title=\"Agrandir l'image\"><\/i><\/a><a href=\"https:\/\/www.osmoze.fr\/en\/portfolio\/frescoes-that-highlight-the-cultural-heritage-croix-rouge-aillant-sur-tholon-89\/\" class=\"zoomlink2\" title=\"Ouvrir le projet complet\"><i class=\"fa-arrow-right-5\"><\/i><\/a><\/div><\/div>\n\t\t\t<\/figure>\n\t\t\t\t\t\t<figure class=\"portfolio-item  cultural-institutional  \">\n\t\t\t\t<div class=\"img-item\"><img decoding=\"async\" src=\"https:\/\/www.osmoze.fr\/wp-content\/uploads\/2021\/11\/fresque-crous-nimes-6-275x184.jpeg\" alt=\"INTERIOR FRESCO AT THE PIN\u00c8DE, CAFETERIA OF THE CROUS &#8211; N\u00ceMES (30)\" class=\"thumbnail portfolio_thumb \" title=\"\">\t\t\t\t\t<div class=\"zoomex2\"><h6>INTERIOR FRESCO AT THE PIN\u00c8DE, CAFETERIA OF THE CROUS &#8211; N\u00ceMES (30)<br><small>06 Dec 2021<\/small><\/h6>\n\t\t\t\t\t\t<a href=\"https:\/\/www.osmoze.fr\/wp-content\/uploads\/2021\/11\/fresque-crous-nimes-6.jpeg\" class=\" zoomlink1\" ><i class=\"fa-search-plus\" title=\"Agrandir l'image\"><\/i><\/a><a href=\"https:\/\/www.osmoze.fr\/en\/portfolio\/interior-fresco-at-the-pinede-cafeteria-of-the-crous-nimes-30\/\" class=\"zoomlink2\" title=\"Ouvrir le projet complet\"><i class=\"fa-arrow-right-5\"><\/i><\/a><\/div><\/div>\n\t\t\t<\/figure>\n\t\t\t\t\t<!-- end-portfolio-item-->\n\n\t\t<\/div>\n\n\t<\/section>[vc_column_text]\nbutton url=&#8221;\/references-art-mural-decoration-signaletique\/&#8221; target=&#8221;_self&#8221; color=&#8221;blue&#8221; size=&#8221;medium&#8221; border=&#8221;false&#8221; icon=&#8221;&#8221;]See all our achievements[\/button]\n[\/vc_column_text][\/vc_column][\/vc_row][vc_row][vc_column width=&#8221;1\/1&#8243;]<div class=\"icon-top-title aligncenter\"><hr class=\"vertical-space2\"><div class=\"col-md-12 our-clients-wrap\"><ul id=\"our-clients\" class=\"our-clients\"><li><img decoding=\"async\" alt=\"\" src=\"https:\/\/www.osmoze.fr\/wp-content\/uploads\/2015\/01\/osmoze-client-adidas.png\" title=\"\"><\/li><li><img decoding=\"async\" alt=\"\" src=\"https:\/\/www.osmoze.fr\/wp-content\/uploads\/2015\/01\/osmoze-client-ville-de-paris.png\" title=\"\"><\/li><li><img decoding=\"async\" alt=\"\" src=\"https:\/\/www.osmoze.fr\/wp-content\/uploads\/2015\/01\/osmoze-client-ville-de-strasbourg.png\" title=\"\"><\/li><li><img decoding=\"async\" alt=\"\" src=\"https:\/\/www.osmoze.fr\/wp-content\/uploads\/2015\/01\/osmoze-client-ville-de-lyon.png\" title=\"\"><\/li><li><img decoding=\"async\" alt=\"\" src=\"https:\/\/www.osmoze.fr\/wp-content\/uploads\/2015\/01\/osmoze-client-reebok.png\" title=\"\"><\/li><li><img decoding=\"async\" alt=\"\" src=\"https:\/\/www.osmoze.fr\/wp-content\/uploads\/2015\/01\/osmoze-client-veolia.png\" title=\"\"><\/li><li><img decoding=\"async\" alt=\"\" src=\"https:\/\/www.osmoze.fr\/wp-content\/uploads\/2015\/01\/osmoze-client-oxylane.png\" title=\"\"><\/li><li><img decoding=\"async\" alt=\"\" src=\"https:\/\/www.osmoze.fr\/wp-content\/uploads\/2015\/01\/osmoze-client-pages-jaunes.png\" title=\"\"><\/li><li><img decoding=\"async\" alt=\"\" src=\"https:\/\/www.osmoze.fr\/wp-content\/uploads\/2015\/01\/osmoze-client-onu.png\" title=\"\"><\/li><li><img decoding=\"async\" alt=\"\" src=\"https:\/\/www.osmoze.fr\/wp-content\/uploads\/2015\/01\/osmoze-client-opteven.png\" title=\"\"><\/li><li><img decoding=\"async\" alt=\"\" src=\"https:\/\/www.osmoze.fr\/wp-content\/uploads\/2015\/01\/osmoze-client-michelin.png\" title=\"\"><\/li><li><img decoding=\"async\" alt=\"\" src=\"https:\/\/www.osmoze.fr\/wp-content\/uploads\/2015\/01\/osmoze-client-mc2-grenoble.png\" title=\"\"><\/li><li><img decoding=\"async\" alt=\"\" src=\"https:\/\/www.osmoze.fr\/wp-content\/uploads\/2015\/01\/osmoze-client-immochan.png\" title=\"\"><\/li><li><img decoding=\"async\" alt=\"\" src=\"https:\/\/www.osmoze.fr\/wp-content\/uploads\/2015\/01\/osmoze-client-loreal.png\" title=\"\"><\/li><li><img decoding=\"async\" alt=\"\" src=\"https:\/\/www.osmoze.fr\/wp-content\/uploads\/2015\/01\/osmoze-client-handicap-international.png\" title=\"\"><\/li><li><img decoding=\"async\" alt=\"\" src=\"https:\/\/www.osmoze.fr\/wp-content\/uploads\/2015\/01\/osmoze-client-hopital-necker-paris.png\" title=\"\"><\/li><li><img decoding=\"async\" alt=\"\" src=\"https:\/\/www.osmoze.fr\/wp-content\/uploads\/2015\/01\/osmoze-client-ehpad.png\" title=\"\"><\/li><li><img decoding=\"async\" alt=\"\" src=\"https:\/\/www.osmoze.fr\/wp-content\/uploads\/2015\/01\/osmoze-client-decathlon.png\" title=\"\"><\/li><li><img decoding=\"async\" alt=\"\" src=\"https:\/\/www.osmoze.fr\/wp-content\/uploads\/2015\/01\/osmoze-client-credit-municipal.png\" title=\"\"><\/li><li><img decoding=\"async\" alt=\"\" src=\"https:\/\/www.osmoze.fr\/wp-content\/uploads\/2015\/01\/osmoze-client-carlsberg.png\" title=\"\"><\/li><li><img decoding=\"async\" alt=\"\" src=\"https:\/\/www.osmoze.fr\/wp-content\/uploads\/2015\/01\/osmoze-client-coliposte.png\" title=\"\"><\/li><li><img decoding=\"async\" alt=\"\" src=\"https:\/\/www.osmoze.fr\/wp-content\/uploads\/2015\/01\/osmoze-client-alcatel-lucent.png\" title=\"\"><\/li><\/ul><\/div><hr class=\"vertical-space4\"><\/div>[\/vc_column][\/vc_row]\n<\/div>","protected":false},"excerpt":{"rendered":"<p>[vc_row][vc_column width=&#8221;1\/1&#8243;][vc_column_text] The Osmoze art studio will support and advise you in finding solutions to all your scenography and space design challenges. [\/vc_column_text][vc_gallery type=&#8221;flexslider_slide&#8221; interval=&#8221;3&#8243; images=&#8221;4622,4620,4621,4623&#8243; onclick=&#8221;link_image&#8221; custom_links_target=&#8221;_self&#8221; img_size=&#8221;1200&#215;370&#8243;][\/vc_column][\/vc_row][vc_row row_type=&#8221;2&#8243; video_fullscreen=&#8221;true&#8221; blox_bg_attachment=&#8221;false&#8221; blox_cover=&#8221;true&#8221; blox_repeat=&#8221;no-repeat&#8221; blox_dark=&#8221;false&#8221; parallax_speed=&#8221;6&#8243; process_count=&#8221;3&#8243; video_type=&#8221;video\/youtube&#8221;&#8230; <\/p>\n<p><a class=\"readmore\" href=\"https:\/\/www.osmoze.fr\/en\/portfolio\/interior-fresco-at-the-pinede-cafeteria-of-the-crous-nimes-30\/\">Lire la suite<\/a><\/p>\n","protected":false},"author":4,"featured_media":0,"parent":14018,"menu_order":0,"comment_status":"closed","ping_status":"closed","template":"","meta":{"footnotes":""},"class_list":["post-14054","page","type-page","status-publish","hentry"],"_links":{"self":[{"href":"https:\/\/www.osmoze.fr\/en\/wp-json\/wp\/v2\/pages\/14054","targetHints":{"allow":["GET"]}}],"collection":[{"href":"https:\/\/www.osmoze.fr\/en\/wp-json\/wp\/v2\/pages"}],"about":[{"href":"https:\/\/www.osmoze.fr\/en\/wp-json\/wp\/v2\/types\/page"}],"author":[{"embeddable":true,"href":"https:\/\/www.osmoze.fr\/en\/wp-json\/wp\/v2\/users\/4"}],"replies":[{"embeddable":true,"href":"https:\/\/www.osmoze.fr\/en\/wp-json\/wp\/v2\/comments?post=14054"}],"version-history":[{"count":0,"href":"https:\/\/www.osmoze.fr\/en\/wp-json\/wp\/v2\/pages\/14054\/revisions"}],"up":[{"embeddable":true,"href":"https:\/\/www.osmoze.fr\/en\/wp-json\/wp\/v2\/pages\/14018"}],"wp:attachment":[{"href":"https:\/\/www.osmoze.fr\/en\/wp-json\/wp\/v2\/media?parent=14054"}],"curies":[{"name":"wp","href":"https:\/\/api.w.org\/{rel}","templated":true}]}}