{"id":14624,"date":"2021-06-28T16:45:53","date_gmt":"2021-06-28T15:45:53","guid":{"rendered":"https:\/\/www.osmoze.fr\/the-workshop\/the-graphic-studio-and-its-creative-space\/"},"modified":"2021-06-28T16:46:10","modified_gmt":"2021-06-28T15:46:10","slug":"the-graphic-studio-and-its-creative-space","status":"publish","type":"page","link":"https:\/\/www.osmoze.fr\/en\/the-graphic-studio-and-its-creative-space\/","title":{"rendered":"The Graphic Studio and its creative space"},"content":{"rendered":"<div class=\"wpb-content-wrapper\">[vc_row][vc_column width=&#8221;1\/1&#8243;][vc_column_text]\nMultidisciplinary, the graphic studio of the Osmoze mural art studio designs and des-sines at all scales in an approach where the graphic performance is not separated from <strong>a human, poetic and perennial dimension<\/strong>.<br \/>\n[\/vc_column_text][vc_gallery type=&#8221;flexslider_slide&#8221; interval=&#8221;3&#8243; images=&#8221;4577,4578,4575,4576&#8243; onclick=&#8221;link_image&#8221; custom_links_target=&#8221;_self&#8221; img_size=&#8221;1200&#215;370&#8243;]<hr class=\"vertical-space3\">[\/vc_column][\/vc_row][vc_row][vc_column width=&#8221;1\/1&#8243;][vc_column_text]\nOsmoze is a signage laboratory, the birth of a concept and a graphic charter<br \/>\n[\/vc_column_text][\/vc_column][\/vc_row][vc_row row_type=&#8221;2&#8243; video_fullscreen=&#8221;true&#8221; blox_bg_attachment=&#8221;false&#8221; blox_cover=&#8221;true&#8221; blox_repeat=&#8221;no-repeat&#8221; blox_dark=&#8221;false&#8221; parallax_speed=&#8221;6&#8243; process_count=&#8221;3&#8243; video_type=&#8221;video\/youtube&#8221; video_pattern=&#8221;true&#8221; maxslider_parallax=&#8221;true&#8221; maxslider_pattern=&#8221;true&#8221; blox_bgcolor=&#8221;#f8f8f8&#8243;][vc_column width=&#8221;1\/1&#8243; css=&#8221;.vc_custom_1423063682346{background-color: #f8f8f8 !important;}&#8221;]<div class=\"max-title2\"><h2>\n<p>\u2019\u2019Une \u00e9quipe et un esprit cr\u00e9atif dans un laboratoire d&#8217;exp\u00e9riences\u2019\u2019<\/p>\n<\/h2><\/div><hr class=\"vertical-space3\">[vc_row_inner][vc_column_inner width=&#8221;1\/3&#8243;][vc_column_text]\n<p>A laboratory of experiences, technical exchanges and creative choices, the Osmoze contemporary wall art workshop and its graphic studio have real expertise in transforming other people&#8217;s constraints into sources of innovation.<\/p>\n[\/vc_column_text][\/vc_column_inner][vc_column_inner width=&#8221;1\/3&#8243;][vc_column_text]\n<p><strong>The team<\/strong>, made up of French and Swedish design, graphic design and drawing enthusiasts, is constantly <strong>creating artistic creations that are unique in the world<\/strong>. A cosmopolitan and urban spirit, another way to live one&#8217;s home, one&#8217;s business, one&#8217;s workplace, one&#8217;s place of relaxation or simply one&#8217;s environment.<\/p>\n[\/vc_column_text][\/vc_column_inner][vc_column_inner width=&#8221;1\/3&#8243;][vc_column_text]\n<p><strong>A creative spirit<\/strong> that allows us to design not only a general concept of interior and exterior decoration but also a complete project of exclusive signage imagined and made to measure.<\/p>\n[\/vc_column_text][\/vc_column_inner][\/vc_row_inner]<hr class=\"vertical-space3\">[\/vc_column][\/vc_row][vc_row][vc_column width=&#8221;1\/1&#8243;]<hr class=\"vertical-space3\">[vc_row_inner][vc_column_inner width=&#8221;1\/4&#8243;]\n[\/vc_column_inner][vc_column_inner width=&#8221;1\/2&#8243;][vc_column_text css=&#8221;.vc_custom_1423130527459{padding-top: 70px !important;padding-right: 50px !important;padding-left: 50px !important;}&#8221;]\n<h2>A poetic wall workshop<\/h2>\n<p>The Osmoze wall design studio has an artistic creation space that is unique in France.<br \/>\nGraphic trays, spaces dedicated to poetry and writing, painting workshops, workshops for cutting out large stickers and giant adhesives.[\/vc_column_text][\/vc_column_inner][vc_column_inner width=&#8221;1\/4&#8243;]\n[\/vc_column_inner][\/vc_row_inner]<hr class=\"vertical-space3\">[\/vc_column][\/vc_row][vc_row row_type=&#8221;2&#8243; video_fullscreen=&#8221;true&#8221; blox_image=&#8221;3792&#8243; blox_bg_attachment=&#8221;false&#8221; blox_cover=&#8221;true&#8221; blox_repeat=&#8221;no-repeat&#8221; blox_dark=&#8221;false&#8221; parallax_speed=&#8221;6&#8243; process_count=&#8221;3&#8243; video_type=&#8221;video\/youtube&#8221; video_pattern=&#8221;true&#8221; maxslider_parallax=&#8221;true&#8221; maxslider_pattern=&#8221;true&#8221; blox_padding_top=&#8221;20&#8243; blox_padding_bottom=&#8221;20&#8243;][vc_column width=&#8221;1\/1&#8243; css=&#8221;.vc_custom_1423145716106{padding-top: 50px !important;padding-bottom: 70px !important;}&#8221;][vc_row_inner][vc_column_inner width=&#8221;1\/3&#8243;]<article class=\"icon-box6\"><a href='\/art-mural\/decoration-design-interieur\/murs\/' class='custom_icon'><i><img decoding=\"async\" src=\"https:\/\/www.osmoze.fr\/wp-content\/uploads\/2015\/02\/osmoze-atelier-art-mural-decoration-mural_picto.png\" alt=\"icon\" title=\"\"><\/i><\/a><h4>Contemporary wall decoration<br \/>\n<\/h4><p>\n<p>Indoor, outdoor, monumental, architectural, 3d, sensory and olfactory, we direct you with delicacy, poetry and a sense of aesthetics.<\/p>\n<\/p><a class=\"magicmore\" href=\"\/art-mural\/decoration-design-interieur\/murs\/\">SEE MORE<\/a><\/article>[\/vc_column_inner][vc_column_inner width=&#8221;1\/3&#8243;]<article class=\"icon-box6\"><a href='\/art-mural\/signaletique-artistique\/interieure\/' class='custom_icon'><i><img decoding=\"async\" src=\"https:\/\/www.osmoze.fr\/wp-content\/uploads\/2015\/02\/osmoze-atelier-art-mural-signaletique_picto.png\" alt=\"icon\" title=\"\"><\/i><\/a><h4>Artistic and sensory signage<\/h4><p>\n<p>Int\u00e9rieure, ext\u00e9rieure, monumentale, architecturale, 3d, sensorielle et olfactive, nous vous dirigeons avec d\u00e9licatesse, po\u00e9sie et sens de l\u2019esth\u00e9tisme.<\/p>\n<\/p><a class=\"magicmore\" href=\"\/art-mural\/signaletique-artistique\/interieure\/\">SEE MORE<\/a><\/article>[\/vc_column_inner][vc_column_inner width=&#8221;1\/3&#8243;]<article class=\"icon-box6\"><a href='\/art-mural\/conseils\/scenographie-design-despace\/' class='custom_icon'><i><img decoding=\"async\" src=\"https:\/\/www.osmoze.fr\/wp-content\/uploads\/2015\/02\/osmoze-atelier-art-mural-scenographie-design-espace_picto.png\" alt=\"icon\" title=\"\"><\/i><\/a><h4>Scenography and space design<\/h4><p>\n<p>Un \u00e9v\u00e9nement ponctuel, une exposition permanente ou \u00e9ph\u00e9m\u00e8re, nous vous accompagnons dans sa mise en \u0153uvre globale ainsi que dans l\u2019am\u00e9nagement des espaces.<\/p>\n<\/p><a class=\"magicmore\" href=\"\/art-mural\/conseils\/scenographie-design-despace\/\">SEE MORE<\/a><\/article>[\/vc_column_inner][\/vc_row_inner][\/vc_column][\/vc_row][vc_row][vc_column width=&#8221;1\/1&#8243;]<div class=\"max-title2\"><h2>\n<p>NOS derni\u00e8res R\u00e9F\u00e9RENCES<\/p>\n<\/h2><\/div>[vc_column_text]\n<p style=\"text-align: center;\">Enjoy our mural works and our plant-based, poetic and exclusive graphic interventions.<br \/>\nFrom wall decoration to signage, there is only one step that we have delicately taken.<\/p>\n[\/vc_column_text]<section class=\"latest-works col3-w with-space-w\" data-cols=\"3\" data-count=\"9\" data-full=\"\" data-space=\"yes\" data-cat-slug=\"\">\n\t<hr class=\"vertical-space1\">\n\t<div class=\"icon-top-title aligncenter\">\n\t\t<nav class=\"primary clearfix\">\n\t\t\t<div class=\"portfolioFilters\">\n\t\t\t\t<a href=\"#\" class=\"selected\">All<\/a>\n\t\t\t\t<a href=\"#\"  id=\"cultural-institutional\">Cultural &amp; institutional<\/a><a href=\"#\"  id=\"medical-social-en\">Medical &amp; social<\/a>\n\t\t\t<\/div>\n\t\t<\/nav>\n\n\n\t<\/div>\n\t<hr class=\"vertical-space2\">\n\n\t<div class=\"portfolio container\">\n\t\t\t\t\t\t<figure class=\"portfolio-item  medical-social-en medical-social-en  \">\n\t\t\t\t<div class=\"img-item\"><img decoding=\"async\" src=\"https:\/\/www.osmoze.fr\/wp-content\/uploads\/2021\/10\/IMG_20210921_111356true-1-275x184.jpg\" alt=\"A SCREEN OF FOLIAGE ON GLASS, EHPAD LAUFROMONT &#8211; EPINAL (88)\" class=\"thumbnail portfolio_thumb \" title=\"\">\t\t\t\t\t<div class=\"zoomex2\"><h6>A SCREEN OF FOLIAGE ON GLASS, EHPAD LAUFROMONT &#8211; EPINAL (88)<br><small>06 Dec 2021<\/small><\/h6>\n\t\t\t\t\t\t<a href=\"https:\/\/www.osmoze.fr\/wp-content\/uploads\/2021\/10\/IMG_20210921_111356true-1.jpg\" class=\" zoomlink1\" ><i class=\"fa-search-plus\" title=\"Agrandir l'image\"><\/i><\/a><a href=\"https:\/\/www.osmoze.fr\/en\/portfolio\/a-screen-of-foliage-on-glass-ehpad-laufromont-epinal-88\/\" class=\"zoomlink2\" title=\"Ouvrir le projet complet\"><i class=\"fa-arrow-right-5\"><\/i><\/a><\/div><\/div>\n\t\t\t<\/figure>\n\t\t\t\t\t\t<figure class=\"portfolio-item   \">\n\t\t\t\t<div class=\"img-item\"><img decoding=\"async\" src=\"https:\/\/www.osmoze.fr\/wp-content\/uploads\/2021\/11\/croix-rouge-habitat-accueil-275x184.jpg\" alt=\"FRESCOES THAT HIGHLIGHT THE CULTURAL HERITAGE, CROIX-ROUGE-AILLANT SUR THOLON (89)\" class=\"thumbnail portfolio_thumb \" title=\"\">\t\t\t\t\t<div class=\"zoomex2\"><h6>FRESCOES THAT HIGHLIGHT THE CULTURAL HERITAGE, CROIX-ROUGE-AILLANT SUR THOLON (89)<br><small>06 Dec 2021<\/small><\/h6>\n\t\t\t\t\t\t<a href=\"https:\/\/www.osmoze.fr\/wp-content\/uploads\/2021\/11\/croix-rouge-habitat-accueil.jpg\" class=\" zoomlink1\" ><i class=\"fa-search-plus\" title=\"Agrandir l'image\"><\/i><\/a><a href=\"https:\/\/www.osmoze.fr\/en\/portfolio\/frescoes-that-highlight-the-cultural-heritage-croix-rouge-aillant-sur-tholon-89\/\" class=\"zoomlink2\" title=\"Ouvrir le projet complet\"><i class=\"fa-arrow-right-5\"><\/i><\/a><\/div><\/div>\n\t\t\t<\/figure>\n\t\t\t\t\t\t<figure class=\"portfolio-item  cultural-institutional  \">\n\t\t\t\t<div class=\"img-item\"><img decoding=\"async\" src=\"https:\/\/www.osmoze.fr\/wp-content\/uploads\/2021\/11\/fresque-crous-nimes-6-275x184.jpeg\" alt=\"INTERIOR FRESCO AT THE PIN\u00c8DE, CAFETERIA OF THE CROUS &#8211; N\u00ceMES (30)\" class=\"thumbnail portfolio_thumb \" title=\"\">\t\t\t\t\t<div class=\"zoomex2\"><h6>INTERIOR FRESCO AT THE PIN\u00c8DE, CAFETERIA OF THE CROUS &#8211; N\u00ceMES (30)<br><small>06 Dec 2021<\/small><\/h6>\n\t\t\t\t\t\t<a href=\"https:\/\/www.osmoze.fr\/wp-content\/uploads\/2021\/11\/fresque-crous-nimes-6.jpeg\" class=\" zoomlink1\" ><i class=\"fa-search-plus\" title=\"Agrandir l'image\"><\/i><\/a><a href=\"https:\/\/www.osmoze.fr\/en\/portfolio\/interior-fresco-at-the-pinede-cafeteria-of-the-crous-nimes-30\/\" class=\"zoomlink2\" title=\"Ouvrir le projet complet\"><i class=\"fa-arrow-right-5\"><\/i><\/a><\/div><\/div>\n\t\t\t<\/figure>\n\t\t\t\t\t<!-- end-portfolio-item-->\n\n\t\t<\/div>\n\n\t<\/section>[vc_column_text]\n<p style=\"text-align: center;\"><a href=\"\/references-art-mural-decoration-signaletique\/\" class=\"button blue  medium  \" target=\"_self\">See all our achievements<\/a>\n[\/vc_column_text][\/vc_column][\/vc_row][vc_row][vc_column width=&#8221;1\/1&#8243;][vc_tabs interval=&#8221;0&#8243;][vc_tab title=&#8221;Wall art studio&#8221; tab_id=&#8221;1423054716354-2-4b347-0170&#8243;]<article class=\"icon-box\"><a href='\/atelier\/art-mural-contemporain\/'><i class=\"fa-codepen\" style=\" color:#1591a5;\"><\/i><\/a><h4><strong><\/strong><\/h4><p>\n<p>Osmoze is the French contemporary and exclusive wall art studio par excellence. The Osmoze mural art studio creates exceptional, giant, architectural and poetic graphic works and signage for indoors and outdoors.<\/p>\n<\/p><a class=\"magicmore\" href=\"\/atelier\/art-mural-contemporain\/\">SEE MORE<\/a><\/article>[\/vc_tab][vc_tab title=&#8221;From drawing to vinyl&#8221; tab_id=&#8221;1423055123590-2-0b347-0170&#8243;]<article class=\"icon-box\"><a href='\/atelier\/matiere-vinyle-peinture\/'><i class=\"fa-paint-brush\" style=\" color:#1591a5;\"><\/i><\/a><h4><strong><\/strong><\/h4><p>\n<p>The Osmoze contemporary wall art studio has a particular affection for professional vinyl stickers and very large format stickers, cut to the contour of the design.<\/p>\n<\/p><a class=\"magicmore\" href=\"\/atelier\/matiere-vinyle-peinture\/\">SEE MORE<\/a><\/article>[\/vc_tab][vc_tab title=&#8221;Manufacture made in France&#8221; tab_id=&#8221;1423055379753-3-2b347-0170&#8243;]<article class=\"icon-box\"><a href='\/atelier\/fabrication-sur-mesure\/'><i class=\"fa-heart\" style=\" color:#1591a5;\"><\/i><\/a><h4><strong><\/strong><\/h4><p>\n<p>A custom-made and 100% integrated production&#8230; made in France. The production workshop designs, manufactures and installs all of its adhesive creations, wall stickers and painted murals. Spread over 2 sites, the Osmoze design and manufacturing workshop responds to your needs in its entirety.<\/p>\n<\/p><a class=\"magicmore\" href=\"\/atelier\/fabrication-sur-mesure\/\">SEE MORE<\/a><\/article>[\/vc_tab][vc_tab title=&#8221;In France and worldwide&#8221; tab_id=&#8221;1423055660949-4-4b347-0170&#8243;]<article class=\"icon-box\"><a href='\/atelier\/pose-professionnelle\/'><i class=\"fa-globe\" style=\" color:#1591a5;\"><\/i><\/a><h4><strong><\/strong><\/h4><p>\n<p>The Osmoze wall art studio operates with its own teams throughout France and worldwide. Each of our graphic interventions is mastered by our professional installers\/designers.<\/p>\n<\/p><a class=\"magicmore\" href=\"\/atelier\/pose-professionnelle\/\">SEE MORE<\/a><\/article>[\/vc_tab][\/vc_tabs][\/vc_column][\/vc_row]\n<\/div>","protected":false},"excerpt":{"rendered":"<p>[vc_row][vc_column width=&#8221;1\/1&#8243;][vc_column_text] Multidisciplinary, the graphic studio of the Osmoze mural art studio designs and des-sines at all scales in an approach where the graphic performance is not separated from a human, poetic and perennial dimension. [\/vc_column_text][vc_gallery type=&#8221;flexslider_slide&#8221; interval=&#8221;3&#8243;&#8230; <\/p>\n<p><a class=\"readmore\" href=\"https:\/\/www.osmoze.fr\/en\/portfolio\/interior-fresco-at-the-pinede-cafeteria-of-the-crous-nimes-30\/\">Lire la suite<\/a><\/p>\n","protected":false},"author":4,"featured_media":0,"parent":0,"menu_order":10,"comment_status":"closed","ping_status":"closed","template":"","meta":{"footnotes":""},"class_list":["post-14624","page","type-page","status-publish","hentry"],"_links":{"self":[{"href":"https:\/\/www.osmoze.fr\/en\/wp-json\/wp\/v2\/pages\/14624","targetHints":{"allow":["GET"]}}],"collection":[{"href":"https:\/\/www.osmoze.fr\/en\/wp-json\/wp\/v2\/pages"}],"about":[{"href":"https:\/\/www.osmoze.fr\/en\/wp-json\/wp\/v2\/types\/page"}],"author":[{"embeddable":true,"href":"https:\/\/www.osmoze.fr\/en\/wp-json\/wp\/v2\/users\/4"}],"replies":[{"embeddable":true,"href":"https:\/\/www.osmoze.fr\/en\/wp-json\/wp\/v2\/comments?post=14624"}],"version-history":[{"count":0,"href":"https:\/\/www.osmoze.fr\/en\/wp-json\/wp\/v2\/pages\/14624\/revisions"}],"wp:attachment":[{"href":"https:\/\/www.osmoze.fr\/en\/wp-json\/wp\/v2\/media?parent=14624"}],"curies":[{"name":"wp","href":"https:\/\/api.w.org\/{rel}","templated":true}]}}