{"id":25096,"date":"2023-11-22T10:08:15","date_gmt":"2023-11-22T09:08:15","guid":{"rendered":"https:\/\/www.osmoze.fr\/?page_id=25096"},"modified":"2023-11-22T10:08:15","modified_gmt":"2023-11-22T09:08:15","slug":"osmoze-latelier-dart-mural-contemporain-et-exclusif","status":"publish","type":"page","link":"https:\/\/www.osmoze.fr\/en\/references-fresque-signaletique-art-contemporain\/osmoze-latelier-dart-mural-contemporain-et-exclusif\/","title":{"rendered":"Osmoze, l&#8217;atelier d&#8217;art mural contemporain et exclusif"},"content":{"rendered":"<div class=\"wpb-content-wrapper\">[vc_row][vc_column]<div class=\"max-title2\"><h2>NOS derni\u00e8res REFERENCES<\/h2><\/div>[vc_column_text]\n<p style=\"text-align: center;\">D\u00e9couvrez nos \u0153uvres murales et nos interventions graphiques v\u00e9g\u00e9tales, po\u00e9tiques, exclusives.<br \/>\nDe la d\u00e9coration murale \u00e0 la signal\u00e9tique il n\u2019y a qu\u2019un pas que nous avons franchi avec d\u00e9licatesse.[\/vc_column_text]<section class=\"latest-works col3-w with-space-w\" data-cols=\"3\" data-count=\"9\" data-full=\"\" data-space=\"yes\" data-cat-slug=\"\">\n\t<hr class=\"vertical-space1\">\n\t<div class=\"icon-top-title aligncenter\">\n\t\t<nav class=\"primary clearfix\">\n\t\t\t<div class=\"portfolioFilters\">\n\t\t\t\t<a href=\"#\" class=\"selected\">All<\/a>\n\t\t\t\t<a href=\"#\"  id=\"cultural-institutional\">Cultural &amp; institutional<\/a><a href=\"#\"  id=\"medical-social-en\">Medical &amp; social<\/a>\n\t\t\t<\/div>\n\t\t<\/nav>\n\n\n\t<\/div>\n\t<hr class=\"vertical-space2\">\n\n\t<div class=\"portfolio container\">\n\t\t\t\t\t\t<figure class=\"portfolio-item  medical-social-en medical-social-en  \">\n\t\t\t\t<div class=\"img-item\"><img decoding=\"async\" src=\"https:\/\/www.osmoze.fr\/wp-content\/uploads\/2021\/10\/IMG_20210921_111356true-1-275x184.jpg\" alt=\"A SCREEN OF FOLIAGE ON GLASS, EHPAD LAUFROMONT &#8211; EPINAL (88)\" class=\"thumbnail portfolio_thumb \" title=\"\">\t\t\t\t\t<div class=\"zoomex2\"><h6>A SCREEN OF FOLIAGE ON GLASS, EHPAD LAUFROMONT &#8211; EPINAL (88)<br><small>06 Dec 2021<\/small><\/h6>\n\t\t\t\t\t\t<a href=\"https:\/\/www.osmoze.fr\/wp-content\/uploads\/2021\/10\/IMG_20210921_111356true-1.jpg\" class=\" zoomlink1\" ><i class=\"fa-search-plus\" title=\"Agrandir l'image\"><\/i><\/a><a href=\"https:\/\/www.osmoze.fr\/en\/portfolio\/a-screen-of-foliage-on-glass-ehpad-laufromont-epinal-88\/\" class=\"zoomlink2\" title=\"Ouvrir le projet complet\"><i class=\"fa-arrow-right-5\"><\/i><\/a><\/div><\/div>\n\t\t\t<\/figure>\n\t\t\t\t\t\t<figure class=\"portfolio-item   \">\n\t\t\t\t<div class=\"img-item\"><img decoding=\"async\" src=\"https:\/\/www.osmoze.fr\/wp-content\/uploads\/2021\/11\/croix-rouge-habitat-accueil-275x184.jpg\" alt=\"FRESCOES THAT HIGHLIGHT THE CULTURAL HERITAGE, CROIX-ROUGE-AILLANT SUR THOLON (89)\" class=\"thumbnail portfolio_thumb \" title=\"\">\t\t\t\t\t<div class=\"zoomex2\"><h6>FRESCOES THAT HIGHLIGHT THE CULTURAL HERITAGE, CROIX-ROUGE-AILLANT SUR THOLON (89)<br><small>06 Dec 2021<\/small><\/h6>\n\t\t\t\t\t\t<a href=\"https:\/\/www.osmoze.fr\/wp-content\/uploads\/2021\/11\/croix-rouge-habitat-accueil.jpg\" class=\" zoomlink1\" ><i class=\"fa-search-plus\" title=\"Agrandir l'image\"><\/i><\/a><a href=\"https:\/\/www.osmoze.fr\/en\/portfolio\/frescoes-that-highlight-the-cultural-heritage-croix-rouge-aillant-sur-tholon-89\/\" class=\"zoomlink2\" title=\"Ouvrir le projet complet\"><i class=\"fa-arrow-right-5\"><\/i><\/a><\/div><\/div>\n\t\t\t<\/figure>\n\t\t\t\t\t\t<figure class=\"portfolio-item  cultural-institutional  \">\n\t\t\t\t<div class=\"img-item\"><img decoding=\"async\" src=\"https:\/\/www.osmoze.fr\/wp-content\/uploads\/2021\/11\/fresque-crous-nimes-6-275x184.jpeg\" alt=\"INTERIOR FRESCO AT THE PIN\u00c8DE, CAFETERIA OF THE CROUS &#8211; N\u00ceMES (30)\" class=\"thumbnail portfolio_thumb \" title=\"\">\t\t\t\t\t<div class=\"zoomex2\"><h6>INTERIOR FRESCO AT THE PIN\u00c8DE, CAFETERIA OF THE CROUS &#8211; N\u00ceMES (30)<br><small>06 Dec 2021<\/small><\/h6>\n\t\t\t\t\t\t<a href=\"https:\/\/www.osmoze.fr\/wp-content\/uploads\/2021\/11\/fresque-crous-nimes-6.jpeg\" class=\" zoomlink1\" ><i class=\"fa-search-plus\" title=\"Agrandir l'image\"><\/i><\/a><a href=\"https:\/\/www.osmoze.fr\/en\/portfolio\/interior-fresco-at-the-pinede-cafeteria-of-the-crous-nimes-30\/\" class=\"zoomlink2\" title=\"Ouvrir le projet complet\"><i class=\"fa-arrow-right-5\"><\/i><\/a><\/div><\/div>\n\t\t\t<\/figure>\n\t\t\t\t\t<!-- end-portfolio-item-->\n\n\t\t<\/div>\n\n\t<\/section>[vc_column_text]\n<p style=\"text-align: center;\"><a href=\"\/references-art-mural-decoration-signaletique\/\" class=\"button blue  medium  \" target=\"_self\">Voir toutes nos r\u00e9alisations<\/a>\n[\/vc_column_text][\/vc_column][\/vc_row][vc_row][vc_column][vc_tabs interval=&#8221;0&#8243;][vc_tab title=&#8221;Studio et espace de cr\u00e9ation&#8221; tab_id=&#8221;1423054716354-2-4&#8243;]<article class=\"icon-box1\"><a href='\/atelier\/studio-graphique-poetique\/'><i class=\"fa-slideshare\" style=\" color:#1591a5;\"><\/i><\/a><h4><strong><\/strong><\/h4><p>Pluridisciplinaire, le studio graphique de l\u2019atelier d\u2019art mural Osmoze con\u00e7oit et dessine \u00e0 toutes les \u00e9chelles dans une approche o\u00f9 le graphisme de la performance ne se d\u00e9partit pas d\u2019une dimension humaine, po\u00e9tique et p\u00e9renne.<\/p><a class=\"magicmore\" href=\"\/atelier\/studio-graphique-poetique\/\">en savoir +<\/a><\/article>[\/vc_tab][vc_tab title=&#8221;Du dessin au vinyle&#8221; tab_id=&#8221;1423055123590-2-0&#8243;]<article class=\"icon-box1\"><a href='\/atelier\/matiere-vinyle-peinture\/'><i class=\"fa-paint-brush\" style=\" color:#1591a5;\"><\/i><\/a><h4><strong><\/strong><\/h4><p>L\u2019atelier d\u2019art mural contemporain Osmoze a une affection particuli\u00e8re pour les adh\u00e9sifs-stickers en vinyle professionnel et les adh\u00e9sifs-stickers de tr\u00e8s grands formats, d\u00e9coup\u00e9s au contour du motif.<\/p><a class=\"magicmore\" href=\"\/atelier\/matiere-vinyle-peinture\/\">en savoir +<\/a><\/article>[\/vc_tab][vc_tab title=&#8221;Fabrication made in France&#8221; tab_id=&#8221;1423055379753-3-2&#8243;]<article class=\"icon-box1\"><a href='\/atelier\/fabrication-sur-mesure\/'><i class=\"fa-heart\" style=\" color:#1591a5;\"><\/i><\/a><h4><strong><\/strong><\/h4><p>Une fabrication sur mesure et 100% int\u00e9gr\u00e9e\u2026 made in France. L\u2019atelier de production con\u00e7oit, fabrique et pose toutes ses cr\u00e9ations adh\u00e9sives, stickers muraux et \u0153uvres murales peintes. R\u00e9parti sur 2 sites, l\u2019atelier de cr\u00e9ation et de fabrication Osmoze r\u00e9pond \u00e0 votre probl\u00e9matique dans sa globalit\u00e9.<\/p><a class=\"magicmore\" href=\"\/atelier\/fabrication-sur-mesure\/\">en savoir +<\/a><\/article>[\/vc_tab][vc_tab title=&#8221;En France et \u00e0 l\u2019International&#8221; tab_id=&#8221;1423055660949-4-4&#8243;]<article class=\"icon-box1\"><a href='\/atelier\/pose-professionnelle\/'><i class=\"fa-globe\" style=\" color:#1591a5;\"><\/i><\/a><h4><strong><\/strong><\/h4><p>L\u2019atelier d\u2019art mural Osmoze intervient avec ses propres \u00e9quipes partout en France et \u00e0 l\u2019international. Chacune de nos interventions graphiques est ma\u00eetris\u00e9e par nos poseurs\/designers professionnels.<\/p><a class=\"magicmore\" href=\"\/atelier\/pose-professionnelle\/\">en savoir +<\/a><\/article>[\/vc_tab][\/vc_tabs][\/vc_column][\/vc_row]\n<\/div>","protected":false},"excerpt":{"rendered":"<p>[vc_row][vc_column][vc_column_text] D\u00e9couvrez nos \u0153uvres murales et nos interventions graphiques v\u00e9g\u00e9tales, po\u00e9tiques, exclusives. De la d\u00e9coration murale \u00e0 la signal\u00e9tique il n\u2019y a qu\u2019un pas que nous avons franchi avec d\u00e9licatesse.[\/vc_column_text][vc_column_text] [\/vc_column_text][\/vc_column][\/vc_row][vc_row][vc_column][vc_tabs interval=&#8221;0&#8243;][vc_tab title=&#8221;Studio et espace de cr\u00e9ation&#8221; tab_id=&#8221;1423054716354-2-4&#8243;][\/vc_tab][vc_tab&#8230; <\/p>\n<p><a class=\"readmore\" href=\"https:\/\/www.osmoze.fr\/en\/portfolio\/interior-fresco-at-the-pinede-cafeteria-of-the-crous-nimes-30\/\">Lire la suite<\/a><\/p>\n","protected":false},"author":4,"featured_media":0,"parent":3347,"menu_order":0,"comment_status":"closed","ping_status":"closed","template":"","meta":{"footnotes":""},"class_list":["post-25096","page","type-page","status-publish","hentry"],"_links":{"self":[{"href":"https:\/\/www.osmoze.fr\/en\/wp-json\/wp\/v2\/pages\/25096","targetHints":{"allow":["GET"]}}],"collection":[{"href":"https:\/\/www.osmoze.fr\/en\/wp-json\/wp\/v2\/pages"}],"about":[{"href":"https:\/\/www.osmoze.fr\/en\/wp-json\/wp\/v2\/types\/page"}],"author":[{"embeddable":true,"href":"https:\/\/www.osmoze.fr\/en\/wp-json\/wp\/v2\/users\/4"}],"replies":[{"embeddable":true,"href":"https:\/\/www.osmoze.fr\/en\/wp-json\/wp\/v2\/comments?post=25096"}],"version-history":[{"count":0,"href":"https:\/\/www.osmoze.fr\/en\/wp-json\/wp\/v2\/pages\/25096\/revisions"}],"up":[{"embeddable":true,"href":"https:\/\/www.osmoze.fr\/en\/wp-json\/wp\/v2\/pages\/3347"}],"wp:attachment":[{"href":"https:\/\/www.osmoze.fr\/en\/wp-json\/wp\/v2\/media?parent=25096"}],"curies":[{"name":"wp","href":"https:\/\/api.w.org\/{rel}","templated":true}]}}